{"id":4027,"date":"2017-10-16T09:44:19","date_gmt":"2017-10-16T11:44:19","guid":{"rendered":"http:\/\/lappis.org.br\/site\/?page_id=4027"},"modified":"2018-04-05T18:36:10","modified_gmt":"2018-04-05T21:36:10","slug":"sobre-o-logotipo","status":"publish","type":"page","link":"https:\/\/lappis.org.br\/site\/sobre-o-logotipo","title":{"rendered":"Identidade Visual"},"content":{"rendered":"<h2>A renascen\u00e7a e Leonardo da Vinci<\/h2>\n<h3><img decoding=\"async\" data-attachment-id=\"702\" data-permalink=\"https:\/\/lappis.org.br\/site\/attachment-davinci_abertura\" data-orig-file=\"https:\/\/lappis.org.br\/site\/wp-content\/uploads\/2012\/01\/davinci_abertura.jpg\" data-orig-size=\"210,300\" data-comments-opened=\"1\" data-image-meta=\"{&quot;aperture&quot;:&quot;0&quot;,&quot;credit&quot;:&quot;&quot;,&quot;camera&quot;:&quot;&quot;,&quot;caption&quot;:&quot;&quot;,&quot;created_timestamp&quot;:&quot;0&quot;,&quot;copyright&quot;:&quot;&quot;,&quot;focal_length&quot;:&quot;0&quot;,&quot;iso&quot;:&quot;0&quot;,&quot;shutter_speed&quot;:&quot;0&quot;,&quot;title&quot;:&quot;&quot;,&quot;orientation&quot;:&quot;0&quot;}\" data-image-title=\"davinci_abertura\" data-image-description=\"\" data-image-caption=\"\" data-medium-file=\"https:\/\/lappis.org.br\/site\/wp-content\/uploads\/2012\/01\/davinci_abertura-210x300.jpg\" data-large-file=\"https:\/\/lappis.org.br\/site\/wp-content\/uploads\/2012\/01\/davinci_abertura.jpg\" class=\" alignleft size-full wp-image-702\" src=\"http:\/\/lappis.org.br\/site\/wp-content\/uploads\/2012\/01\/davinci_abertura.jpg\" alt=\"\" width=\"146\" height=\"209\" \/><\/h3>\n<p>O que chamamos &#8216;Renascen\u00e7a&#8217; refere-se a um per\u00edodo, e n\u00e3o a um evento. N\u00e3o \u00e9 poss\u00edvel, portanto, delimitar exatamente uma data para ela. No entanto, h\u00e1 unanimidade em situar tal per\u00edodo entre os anos de 1.300 e 1.600 DC. O sentido do termo \u00e9 mesmo de um &#8216;renascimento&#8217; do homem e da humanidade, retomando ideais cl\u00e1ssicos (greco-romanos). &#8216;Iniciada&#8217; em Floren\u00e7a, na It\u00e1lia, a Renascen\u00e7a marca a passagem da Idade M\u00e9dia para os tempos modernos: o papado e o feudalismo estavam em decl\u00ednio, os &#8216;b\u00e1rbaros&#8217; e os vikings haviam se retirado, e a Europa via surgir em toda a parte monarquias centralizadoras.<\/p>\n<p>A Renascen\u00e7a trouxe uma nova concep\u00e7\u00e3o do ser humano, na verdade um bem-vindo humanismo, por um lado liberado das amarras teol\u00f3gicas que marcaram o per\u00edodo anterior, e por outro ainda n\u00e3o premido pelas no\u00e7\u00f5es cartesianas. A retomada de ideais gregos trouxe uma expans\u00e3o criativa \u00e0s ci\u00eancias e \u00e0s artes, e o chamado &#8216;homem da Renascen\u00e7a&#8217; identificava-se com a diversidade do conhecimento e com a busca de novos sentidos para a pr\u00f3pria exist\u00eancia. Ao mesmo tempo, \u00e9 f\u00e1cil perceber que uma nova concep\u00e7\u00e3o de ser humano leva a uma nova compreens\u00e3o do mundo. Assim, um novo &#8216;ceticismo&#8217; tem lugar na rela\u00e7\u00e3o entre o homem e o mundo, com o questionamento das tradi\u00e7\u00f5es e da autoridade.<\/p>\n<p>Al\u00e9m disso, a &#8216;vida sobre a Terra&#8217; passou a interessar bem mais do que o depois-da-vida junto a Deus, o que revestiu de significados o estar-aqui, inclusive com maior \u00eanfase nas artes, na pol\u00edtica e nos prazeres.<\/p>\n<p>Leonardo da Vinci \u00e9 visto como o &#8216;homem da Renascen\u00e7a&#8217; arquet\u00edpico: pintor, bot\u00e2nico, matem\u00e1tico, escultor, engenheiro, ge\u00f4metra, cientista-artista, artista-cientista, ambidestro. Leonardo nasceu em 1452, perto de Vinci, na Toscana, filho ileg\u00edtimo de uma alde\u00e3 com um tabeli\u00e3o, e viveu primeiramente em Floren\u00e7a, onde estudou com Andrea Verrocchio. Mais tarde, mudou-se para Mil\u00e3o, onde tornou-se conhecido. O auge de sua carreira coincidiu com as alian\u00e7as entre Cesar Borgia e o rei franc\u00eas Lu\u00eds XII, quando recebeu o t\u00edtulo de engenheiro-geral de toda a Toscana. Em 1513, seguiu para Roma, onde viveu uma experi\u00eancia curta, mas intensa. Retornou a Mil\u00e3o, viajou bastante e, por fim, estabeleceu-se na Fran\u00e7a, sob o reinado de Francisco I, por n\u00e3o ver &#8220;nenhum pr\u00edncipe italiano a quem se dirigir, j\u00e1 que Rafael reina no Vaticano, Michelangelo em Floren\u00e7a e Ticiano em Veneza&#8221;. Em 1516, instalou-se noCh\u00e2teau de Amboise, onde morreu dois anos depois.<\/p>\n<p>Leonardo da Vinci recebeu grande reconhecimento em vida, e Michelangelo foi o \u00fanico artista da \u00e9poca a compartilhar com ele essa gl\u00f3ria. A pintura foi sua &#8216;arte central&#8217;, ao redor da qual sua compreens\u00e3o do mundo e do homem melhor se expressava. Embora tenha produzido milhares de p\u00e1ginas contendo esbo\u00e7os, desenhos, anota\u00e7\u00f5es e esquemas das mais variadas armas de guerra, m\u00e1quinas de voar, aquedutos, estudos anat\u00f4micos, de propor\u00e7\u00e3o, de bot\u00e2nica, de geometria, etc, seus escritos sobre a pintura s\u00e3o o ponto de partida e a ess\u00eancia de Leonardo da Vinci, e isso fica bem claro quando prestamos aten\u00e7\u00e3o a esta simples frase:<\/p>\n<blockquote>\n<h3>O bom pintor \u00e9 aquele capaz de representar duas coisas principais, chamadas \u2018homem\u2019 e \u2018ostrabalhos da mente do homem\u2019.\u201d<\/h3>\n<\/blockquote>\n<h2>S\u00edmbolo que inspirou o logotipo do Lappis<\/h2>\n<h3><img decoding=\"async\" class=\"aligncenter\" src=\"https:\/\/i1.wp.com\/lappis.fw2web.com.br\/wp-content\/uploads\/2011\/11\/bg_vitruvian_davinci4.jpg?resize=332%2C403\" alt=\"bg_vitruvian_davinci4\" \/><\/h3>\n<h3><img decoding=\"async\" data-attachment-id=\"632\" data-permalink=\"https:\/\/lappis.org.br\/site\/attachment-assinatura_davinci\" data-orig-file=\"https:\/\/lappis.org.br\/site\/wp-content\/uploads\/2011\/11\/assinatura_davinci.gif\" data-orig-size=\"80,51\" data-comments-opened=\"1\" data-image-meta=\"{&quot;aperture&quot;:&quot;0&quot;,&quot;credit&quot;:&quot;&quot;,&quot;camera&quot;:&quot;&quot;,&quot;caption&quot;:&quot;&quot;,&quot;created_timestamp&quot;:&quot;0&quot;,&quot;copyright&quot;:&quot;&quot;,&quot;focal_length&quot;:&quot;0&quot;,&quot;iso&quot;:&quot;0&quot;,&quot;shutter_speed&quot;:&quot;0&quot;,&quot;title&quot;:&quot;&quot;,&quot;orientation&quot;:&quot;0&quot;}\" data-image-title=\"assinatura_davinci\" data-image-description=\"\" data-image-caption=\"\" data-medium-file=\"https:\/\/lappis.org.br\/site\/wp-content\/uploads\/2011\/11\/assinatura_davinci.gif\" data-large-file=\"https:\/\/lappis.org.br\/site\/wp-content\/uploads\/2011\/11\/assinatura_davinci.gif\" class=\"size-full wp-image-632 aligncenter\" src=\"http:\/\/lappis.org.br\/site\/wp-content\/uploads\/2011\/11\/assinatura_davinci.gif\" alt=\"\" width=\"80\" height=\"51\" \/><\/h3>\n<h2 class=\"entry-title\">Estudos sobre o C\u00e2non Vitruviano<\/h2>\n<p>O logotipo do LAPPIS\u00a0foi criado por\u00a0Caco Xavier a partir de estudos sobre o C\u00e2non Vitruviano.<br \/>\n<div class=\"row\">\n<div class=\"col-md-4\">\n<img fetchpriority=\"high\" decoding=\"async\" data-attachment-id=\"529\" data-permalink=\"https:\/\/lappis.org.br\/site\/attachment-vitruviano3\" data-orig-file=\"https:\/\/lappis.org.br\/site\/wp-content\/uploads\/2011\/10\/vitruviano3.gif\" data-orig-size=\"301,395\" data-comments-opened=\"1\" data-image-meta=\"{&quot;aperture&quot;:&quot;0&quot;,&quot;credit&quot;:&quot;&quot;,&quot;camera&quot;:&quot;&quot;,&quot;caption&quot;:&quot;&quot;,&quot;created_timestamp&quot;:&quot;0&quot;,&quot;copyright&quot;:&quot;&quot;,&quot;focal_length&quot;:&quot;0&quot;,&quot;iso&quot;:&quot;0&quot;,&quot;shutter_speed&quot;:&quot;0&quot;,&quot;title&quot;:&quot;&quot;,&quot;orientation&quot;:&quot;0&quot;}\" data-image-title=\"vitruviano3\" data-image-description=\"\" data-image-caption=\"\" data-medium-file=\"https:\/\/lappis.org.br\/site\/wp-content\/uploads\/2011\/10\/vitruviano3-229x300.gif\" data-large-file=\"https:\/\/lappis.org.br\/site\/wp-content\/uploads\/2011\/10\/vitruviano3.gif\" class=\"size-full wp-image-529 alignnone\" src=\"http:\/\/lappis.org.br\/site\/wp-content\/uploads\/2011\/10\/vitruviano3.gif\" alt=\"vitruviano3\" width=\"301\" height=\"395\" \/><br \/>\n<\/div>\n<div class=\"col-md-4\">\n<img loading=\"lazy\" decoding=\"async\" data-attachment-id=\"528\" data-permalink=\"https:\/\/lappis.org.br\/site\/attachment-vitruviano2\" data-orig-file=\"https:\/\/lappis.org.br\/site\/wp-content\/uploads\/2011\/10\/vitruviano2.gif\" data-orig-size=\"283,391\" data-comments-opened=\"1\" data-image-meta=\"{&quot;aperture&quot;:&quot;0&quot;,&quot;credit&quot;:&quot;&quot;,&quot;camera&quot;:&quot;&quot;,&quot;caption&quot;:&quot;&quot;,&quot;created_timestamp&quot;:&quot;0&quot;,&quot;copyright&quot;:&quot;&quot;,&quot;focal_length&quot;:&quot;0&quot;,&quot;iso&quot;:&quot;0&quot;,&quot;shutter_speed&quot;:&quot;0&quot;,&quot;title&quot;:&quot;&quot;,&quot;orientation&quot;:&quot;0&quot;}\" data-image-title=\"vitruviano2\" data-image-description=\"\" data-image-caption=\"\" data-medium-file=\"https:\/\/lappis.org.br\/site\/wp-content\/uploads\/2011\/10\/vitruviano2-217x300.gif\" data-large-file=\"https:\/\/lappis.org.br\/site\/wp-content\/uploads\/2011\/10\/vitruviano2.gif\" class=\"size-full wp-image-528 alignnone\" src=\"http:\/\/lappis.org.br\/site\/wp-content\/uploads\/2011\/10\/vitruviano2.gif\" alt=\"vitruviano2\" width=\"283\" height=\"391\" \/><br \/>\n<\/div>\n<div class=\"col-md-4\">\n<img loading=\"lazy\" decoding=\"async\" data-attachment-id=\"527\" data-permalink=\"https:\/\/lappis.org.br\/site\/attachment-vitruviano1\" data-orig-file=\"https:\/\/lappis.org.br\/site\/wp-content\/uploads\/2011\/10\/vitruviano1.gif\" data-orig-size=\"294,395\" data-comments-opened=\"1\" data-image-meta=\"{&quot;aperture&quot;:&quot;0&quot;,&quot;credit&quot;:&quot;&quot;,&quot;camera&quot;:&quot;&quot;,&quot;caption&quot;:&quot;&quot;,&quot;created_timestamp&quot;:&quot;0&quot;,&quot;copyright&quot;:&quot;&quot;,&quot;focal_length&quot;:&quot;0&quot;,&quot;iso&quot;:&quot;0&quot;,&quot;shutter_speed&quot;:&quot;0&quot;,&quot;title&quot;:&quot;&quot;,&quot;orientation&quot;:&quot;0&quot;}\" data-image-title=\"vitruviano1\" data-image-description=\"\" data-image-caption=\"\" data-medium-file=\"https:\/\/lappis.org.br\/site\/wp-content\/uploads\/2011\/10\/vitruviano1-223x300.gif\" data-large-file=\"https:\/\/lappis.org.br\/site\/wp-content\/uploads\/2011\/10\/vitruviano1.gif\" class=\"size-full wp-image-527 alignnone\" src=\"http:\/\/lappis.org.br\/site\/wp-content\/uploads\/2011\/10\/vitruviano1.gif\" alt=\"vitruviano1\" width=\"294\" height=\"395\" \/><br \/>\n<\/div>\n<\/div>\n<p><img loading=\"lazy\" decoding=\"async\" data-attachment-id=\"525\" data-permalink=\"https:\/\/lappis.org.br\/site\/attachment-logo_lappis\" data-orig-file=\"https:\/\/lappis.org.br\/site\/wp-content\/uploads\/2011\/10\/logo_lappis.jpg\" data-orig-size=\"105,106\" data-comments-opened=\"1\" data-image-meta=\"{&quot;aperture&quot;:&quot;0&quot;,&quot;credit&quot;:&quot;&quot;,&quot;camera&quot;:&quot;&quot;,&quot;caption&quot;:&quot;&quot;,&quot;created_timestamp&quot;:&quot;0&quot;,&quot;copyright&quot;:&quot;&quot;,&quot;focal_length&quot;:&quot;0&quot;,&quot;iso&quot;:&quot;0&quot;,&quot;shutter_speed&quot;:&quot;0&quot;,&quot;title&quot;:&quot;&quot;,&quot;orientation&quot;:&quot;0&quot;}\" data-image-title=\"logo_lappis\" data-image-description=\"\" data-image-caption=\"\" data-medium-file=\"https:\/\/lappis.org.br\/site\/wp-content\/uploads\/2011\/10\/logo_lappis.jpg\" data-large-file=\"https:\/\/lappis.org.br\/site\/wp-content\/uploads\/2011\/10\/logo_lappis.jpg\" class=\"alignleft wp-image-525 size-full\" src=\"http:\/\/lappis.org.br\/site\/wp-content\/uploads\/2011\/10\/logo_lappis.jpg\" alt=\"\" width=\"105\" height=\"106\" srcset=\"https:\/\/lappis.org.br\/site\/wp-content\/uploads\/2011\/10\/logo_lappis.jpg 105w, https:\/\/lappis.org.br\/site\/wp-content\/uploads\/2011\/10\/logo_lappis-100x100.jpg 100w\" sizes=\"(max-width: 105px) 100vw, 105px\" \/>Para sermos coerentes e &#8216;integrais&#8217; em nossa proposta visual para este site, n\u00e3o poder\u00edamos deixar de considerar o C\u00e2non \u2013 relacionado diretamente aos estudos de da Vinci sobre a quadratura do c\u00edrculo, e expressando o ideal pitag\u00f3rico plenamente assumido na Renascen\u00e7a, de que &#8220;o homem \u00e9 a medida de todas as coisas&#8221;, segundo o dito de Prot\u00e1goras \u2013 imerso na dimens\u00e3o total do trabalho, da obra e da vida de Leonardo da Vinci, bem como participante de um momento hist\u00f3rico e social dessa nossa Humanidade.<\/p>\n<p>Essa imagem e, por extens\u00e3o, os significados da Renascen\u00e7a e de Leonardo da Vinci, expressam de modo suficiente e pertinente a no\u00e7\u00e3o de Integralidade com a qual trabalhamos.Assim, utilizamos a marca em sua plenitude, fazendo-se acompanhar de frases e ilustra\u00e7\u00f5es de Leonardo da Vinci ao longo de todo o site, a ponto de essas men\u00e7\u00f5es tornarem-se elemento de constitui\u00e7\u00e3o conceitual de todo o trabalho. Como nosso pensamento &#8216;age&#8217; em rede, fomos aos poucos descobrindo que, mais do que o homem ou a \u00e9poca, um conceito &#8216;Leonardo da Vinci&#8217; est\u00e1 totalmente adequado \u00e0s nossas formula\u00e7\u00f5es sobre a Integralidade, e tal identidade provocou at\u00e9 mesmo a necessidade de nos expressarmos\u00a0nestebreve ensaio\u00a0espec\u00edfico.<\/p>\n<p><img decoding=\"async\" data-attachment-id=\"495\" data-permalink=\"https:\/\/lappis.org.br\/site\/conceito-de-integralidade-em-saude\/attachment-davinci_justificativa\" data-orig-file=\"https:\/\/lappis.org.br\/site\/wp-content\/uploads\/2011\/10\/davinci_justificativa.jpg\" data-orig-size=\"179,250\" data-comments-opened=\"1\" data-image-meta=\"{&quot;aperture&quot;:&quot;0&quot;,&quot;credit&quot;:&quot;&quot;,&quot;camera&quot;:&quot;&quot;,&quot;caption&quot;:&quot;&quot;,&quot;created_timestamp&quot;:&quot;0&quot;,&quot;copyright&quot;:&quot;&quot;,&quot;focal_length&quot;:&quot;0&quot;,&quot;iso&quot;:&quot;0&quot;,&quot;shutter_speed&quot;:&quot;0&quot;,&quot;title&quot;:&quot;&quot;,&quot;orientation&quot;:&quot;0&quot;}\" data-image-title=\"davinci_justificativa\" data-image-description=\"\" data-image-caption=\"\" data-medium-file=\"https:\/\/lappis.org.br\/site\/wp-content\/uploads\/2011\/10\/davinci_justificativa.jpg\" data-large-file=\"https:\/\/lappis.org.br\/site\/wp-content\/uploads\/2011\/10\/davinci_justificativa.jpg\" class=\" alignright size-full wp-image-495\" src=\"http:\/\/lappis.org.br\/site\/wp-content\/uploads\/2011\/10\/davinci_justificativa.jpg\" alt=\"davinci_justificativa\" width=\"179px\" height=\"250px\" \/>Unidade na diversidade, o homem no mundo e o mundo no homem, as rela\u00e7\u00f5es entre o meio e a mente, a desfragmenta\u00e7\u00e3o, a interdisciplinaridade, a simbi\u00f3tica rela\u00e7\u00e3o entre teoria e pr\u00e1tica, tudo parece expresso na imagem do homem postado (est\u00e1tico, e em movimento) no centro do c\u00edrculo\/quadrado. As ilustra\u00e7\u00f5es de Leonardo, e suas frases, contextualizam e amplificam os sentidos dessa imagem. A palavra que automaticamente surge em nossa mente, ao nos depararmos com o C\u00e2non, \u00e9 &#8220;integral&#8221;. Assim, ouvindo o conselho de Caetano Veloso, para quem algo muitas vezes &#8220;pode sempre ter estado oculto quando ter\u00e1 sido o \u00f3bvio&#8221;, por que temer o \u00f3bvio? O importante \u00e9 ter dado sentido \u00e0s escolhas e perceber sua total adequa\u00e7\u00e3o \u00e0 resolu\u00e7\u00e3o dos problemas.<\/p>\n<p><strong>Fontes:<\/strong><\/p>\n<p><em>Imagens\u00a0de Leonardo da Vinci foram extra\u00eddas dos sites:<\/em><\/p>\n<p><em><a href=\"http:\/\/www.visi.com\/~reuteler\/leonardo.html\" target=\"_blank\" rel=\"noopener\">http:\/\/www.visi.com\/~reuteler\/leonardo.html<\/a><\/em><br \/>\n<em> <a href=\"http:\/\/www.kfki.hu\/~arthp\/html\/l\/leonardo\/index.html\" target=\"_blank\" rel=\"noopener\">http:\/\/www.kfki.hu\/~arthp\/html\/l\/leonardo\/index.html<\/a><\/em><\/p>\n<p><em>As\u00a0frases\u00a0foram coletadas do livro &#8216;Os Escritos de Leonardo da Vinci sobre a Arte da Pintura&#8217; (Editora UnB, Bras\u00edlia, 2000).<\/em><\/p>\n","protected":false},"excerpt":{"rendered":"<div class=\"mh-excerpt\"><p>A renascen\u00e7a e Leonardo da Vinci O que chamamos &#8216;Renascen\u00e7a&#8217; refere-se a um per\u00edodo, e n\u00e3o a um evento. N\u00e3o \u00e9 poss\u00edvel, portanto, delimitar exatamente uma data para ela. No entanto, h\u00e1 unanimidade em situar <a class=\"mh-excerpt-more\" href=\"https:\/\/lappis.org.br\/site\/sobre-o-logotipo\" title=\"Identidade Visual\">[&#8230;]<\/a><\/p>\n<\/div>","protected":false},"author":5,"featured_media":0,"parent":0,"menu_order":0,"comment_status":"closed","ping_status":"closed","template":"","meta":{"_acf_changed":false,"_exactmetrics_skip_tracking":false,"_exactmetrics_sitenote_active":false,"_exactmetrics_sitenote_note":"","_exactmetrics_sitenote_category":0,"jetpack_post_was_ever_published":false,"footnotes":""},"class_list":["post-4027","page","type-page","status-publish"],"acf":[],"yoast_head":"<!-- This site is optimized with the Yoast SEO plugin v25.2 - https:\/\/yoast.com\/wordpress\/plugins\/seo\/ -->\n<title>Identidade Visual - Lappis 25 anos<\/title>\n<meta name=\"robots\" content=\"index, follow, max-snippet:-1, max-image-preview:large, max-video-preview:-1\" \/>\n<link rel=\"canonical\" href=\"https:\/\/lappis.org.br\/site\/sobre-o-logotipo\" \/>\n<meta property=\"og:locale\" content=\"pt_BR\" \/>\n<meta property=\"og:type\" content=\"article\" \/>\n<meta property=\"og:title\" content=\"Identidade Visual - Lappis 25 anos\" \/>\n<meta property=\"og:description\" content=\"A renascen\u00e7a e Leonardo da Vinci O que chamamos &#8216;Renascen\u00e7a&#8217; refere-se a um per\u00edodo, e n\u00e3o a um evento. N\u00e3o \u00e9 poss\u00edvel, portanto, delimitar exatamente uma data para ela. No entanto, h\u00e1 unanimidade em situar [...]\" \/>\n<meta property=\"og:url\" content=\"https:\/\/lappis.org.br\/site\/sobre-o-logotipo\" \/>\n<meta property=\"og:site_name\" content=\"Lappis 25 anos\" \/>\n<meta property=\"article:modified_time\" content=\"2018-04-05T21:36:10+00:00\" \/>\n<meta property=\"og:image\" content=\"http:\/\/lappis.org.br\/site\/wp-content\/uploads\/2012\/01\/davinci_abertura.jpg\" \/>\n<meta name=\"twitter:card\" content=\"summary_large_image\" \/>\n<meta name=\"twitter:label1\" content=\"Est. tempo de leitura\" \/>\n\t<meta name=\"twitter:data1\" content=\"5 minutos\" \/>\n<script type=\"application\/ld+json\" class=\"yoast-schema-graph\">{\"@context\":\"https:\/\/schema.org\",\"@graph\":[{\"@type\":\"WebPage\",\"@id\":\"https:\/\/lappis.org.br\/site\/sobre-o-logotipo\",\"url\":\"https:\/\/lappis.org.br\/site\/sobre-o-logotipo\",\"name\":\"Identidade Visual - Lappis 25 anos\",\"isPartOf\":{\"@id\":\"https:\/\/lappis.org.br\/site\/#website\"},\"primaryImageOfPage\":{\"@id\":\"https:\/\/lappis.org.br\/site\/sobre-o-logotipo#primaryimage\"},\"image\":{\"@id\":\"https:\/\/lappis.org.br\/site\/sobre-o-logotipo#primaryimage\"},\"thumbnailUrl\":\"http:\/\/lappis.org.br\/site\/wp-content\/uploads\/2012\/01\/davinci_abertura.jpg\",\"datePublished\":\"2017-10-16T11:44:19+00:00\",\"dateModified\":\"2018-04-05T21:36:10+00:00\",\"breadcrumb\":{\"@id\":\"https:\/\/lappis.org.br\/site\/sobre-o-logotipo#breadcrumb\"},\"inLanguage\":\"pt-BR\",\"potentialAction\":[{\"@type\":\"ReadAction\",\"target\":[\"https:\/\/lappis.org.br\/site\/sobre-o-logotipo\"]}]},{\"@type\":\"ImageObject\",\"inLanguage\":\"pt-BR\",\"@id\":\"https:\/\/lappis.org.br\/site\/sobre-o-logotipo#primaryimage\",\"url\":\"http:\/\/lappis.org.br\/site\/wp-content\/uploads\/2012\/01\/davinci_abertura.jpg\",\"contentUrl\":\"http:\/\/lappis.org.br\/site\/wp-content\/uploads\/2012\/01\/davinci_abertura.jpg\"},{\"@type\":\"BreadcrumbList\",\"@id\":\"https:\/\/lappis.org.br\/site\/sobre-o-logotipo#breadcrumb\",\"itemListElement\":[{\"@type\":\"ListItem\",\"position\":1,\"name\":\"In\u00edcio\",\"item\":\"https:\/\/lappis.org.br\/site\/\"},{\"@type\":\"ListItem\",\"position\":2,\"name\":\"Identidade Visual\"}]},{\"@type\":\"WebSite\",\"@id\":\"https:\/\/lappis.org.br\/site\/#website\",\"url\":\"https:\/\/lappis.org.br\/site\/\",\"name\":\"Lappis 25 anos\",\"description\":\"Labotat\u00f3rio de Pesquisas sobre Pr\u00e1ticas de Integralidade em Sa\u00fade\",\"publisher\":{\"@id\":\"https:\/\/lappis.org.br\/site\/#organization\"},\"potentialAction\":[{\"@type\":\"SearchAction\",\"target\":{\"@type\":\"EntryPoint\",\"urlTemplate\":\"https:\/\/lappis.org.br\/site\/?s={search_term_string}\"},\"query-input\":{\"@type\":\"PropertyValueSpecification\",\"valueRequired\":true,\"valueName\":\"search_term_string\"}}],\"inLanguage\":\"pt-BR\"},{\"@type\":\"Organization\",\"@id\":\"https:\/\/lappis.org.br\/site\/#organization\",\"name\":\"Lappis 25 anos\",\"url\":\"https:\/\/lappis.org.br\/site\/\",\"logo\":{\"@type\":\"ImageObject\",\"inLanguage\":\"pt-BR\",\"@id\":\"https:\/\/lappis.org.br\/site\/#\/schema\/logo\/image\/\",\"url\":\"https:\/\/lappis.org.br\/site\/wp-content\/uploads\/2025\/03\/logo-lappis25anos.png\",\"contentUrl\":\"https:\/\/lappis.org.br\/site\/wp-content\/uploads\/2025\/03\/logo-lappis25anos.png\",\"width\":388,\"height\":146,\"caption\":\"Lappis 25 anos\"},\"image\":{\"@id\":\"https:\/\/lappis.org.br\/site\/#\/schema\/logo\/image\/\"}}]}<\/script>\n<!-- \/ Yoast SEO plugin. -->","yoast_head_json":{"title":"Identidade Visual - Lappis 25 anos","robots":{"index":"index","follow":"follow","max-snippet":"max-snippet:-1","max-image-preview":"max-image-preview:large","max-video-preview":"max-video-preview:-1"},"canonical":"https:\/\/lappis.org.br\/site\/sobre-o-logotipo","og_locale":"pt_BR","og_type":"article","og_title":"Identidade Visual - Lappis 25 anos","og_description":"A renascen\u00e7a e Leonardo da Vinci O que chamamos &#8216;Renascen\u00e7a&#8217; refere-se a um per\u00edodo, e n\u00e3o a um evento. N\u00e3o \u00e9 poss\u00edvel, portanto, delimitar exatamente uma data para ela. No entanto, h\u00e1 unanimidade em situar [...]","og_url":"https:\/\/lappis.org.br\/site\/sobre-o-logotipo","og_site_name":"Lappis 25 anos","article_modified_time":"2018-04-05T21:36:10+00:00","og_image":[{"url":"http:\/\/lappis.org.br\/site\/wp-content\/uploads\/2012\/01\/davinci_abertura.jpg","type":"","width":"","height":""}],"twitter_card":"summary_large_image","twitter_misc":{"Est. tempo de leitura":"5 minutos"},"schema":{"@context":"https:\/\/schema.org","@graph":[{"@type":"WebPage","@id":"https:\/\/lappis.org.br\/site\/sobre-o-logotipo","url":"https:\/\/lappis.org.br\/site\/sobre-o-logotipo","name":"Identidade Visual - Lappis 25 anos","isPartOf":{"@id":"https:\/\/lappis.org.br\/site\/#website"},"primaryImageOfPage":{"@id":"https:\/\/lappis.org.br\/site\/sobre-o-logotipo#primaryimage"},"image":{"@id":"https:\/\/lappis.org.br\/site\/sobre-o-logotipo#primaryimage"},"thumbnailUrl":"http:\/\/lappis.org.br\/site\/wp-content\/uploads\/2012\/01\/davinci_abertura.jpg","datePublished":"2017-10-16T11:44:19+00:00","dateModified":"2018-04-05T21:36:10+00:00","breadcrumb":{"@id":"https:\/\/lappis.org.br\/site\/sobre-o-logotipo#breadcrumb"},"inLanguage":"pt-BR","potentialAction":[{"@type":"ReadAction","target":["https:\/\/lappis.org.br\/site\/sobre-o-logotipo"]}]},{"@type":"ImageObject","inLanguage":"pt-BR","@id":"https:\/\/lappis.org.br\/site\/sobre-o-logotipo#primaryimage","url":"http:\/\/lappis.org.br\/site\/wp-content\/uploads\/2012\/01\/davinci_abertura.jpg","contentUrl":"http:\/\/lappis.org.br\/site\/wp-content\/uploads\/2012\/01\/davinci_abertura.jpg"},{"@type":"BreadcrumbList","@id":"https:\/\/lappis.org.br\/site\/sobre-o-logotipo#breadcrumb","itemListElement":[{"@type":"ListItem","position":1,"name":"In\u00edcio","item":"https:\/\/lappis.org.br\/site\/"},{"@type":"ListItem","position":2,"name":"Identidade Visual"}]},{"@type":"WebSite","@id":"https:\/\/lappis.org.br\/site\/#website","url":"https:\/\/lappis.org.br\/site\/","name":"Lappis 25 anos","description":"Labotat\u00f3rio de Pesquisas sobre Pr\u00e1ticas de Integralidade em Sa\u00fade","publisher":{"@id":"https:\/\/lappis.org.br\/site\/#organization"},"potentialAction":[{"@type":"SearchAction","target":{"@type":"EntryPoint","urlTemplate":"https:\/\/lappis.org.br\/site\/?s={search_term_string}"},"query-input":{"@type":"PropertyValueSpecification","valueRequired":true,"valueName":"search_term_string"}}],"inLanguage":"pt-BR"},{"@type":"Organization","@id":"https:\/\/lappis.org.br\/site\/#organization","name":"Lappis 25 anos","url":"https:\/\/lappis.org.br\/site\/","logo":{"@type":"ImageObject","inLanguage":"pt-BR","@id":"https:\/\/lappis.org.br\/site\/#\/schema\/logo\/image\/","url":"https:\/\/lappis.org.br\/site\/wp-content\/uploads\/2025\/03\/logo-lappis25anos.png","contentUrl":"https:\/\/lappis.org.br\/site\/wp-content\/uploads\/2025\/03\/logo-lappis25anos.png","width":388,"height":146,"caption":"Lappis 25 anos"},"image":{"@id":"https:\/\/lappis.org.br\/site\/#\/schema\/logo\/image\/"}}]}},"jetpack_shortlink":"https:\/\/wp.me\/P954Nh-12X","jetpack_sharing_enabled":true,"_links":{"self":[{"href":"https:\/\/lappis.org.br\/site\/wp-json\/wp\/v2\/pages\/4027"}],"collection":[{"href":"https:\/\/lappis.org.br\/site\/wp-json\/wp\/v2\/pages"}],"about":[{"href":"https:\/\/lappis.org.br\/site\/wp-json\/wp\/v2\/types\/page"}],"author":[{"embeddable":true,"href":"https:\/\/lappis.org.br\/site\/wp-json\/wp\/v2\/users\/5"}],"replies":[{"embeddable":true,"href":"https:\/\/lappis.org.br\/site\/wp-json\/wp\/v2\/comments?post=4027"}],"version-history":[{"count":16,"href":"https:\/\/lappis.org.br\/site\/wp-json\/wp\/v2\/pages\/4027\/revisions"}],"predecessor-version":[{"id":6077,"href":"https:\/\/lappis.org.br\/site\/wp-json\/wp\/v2\/pages\/4027\/revisions\/6077"}],"wp:attachment":[{"href":"https:\/\/lappis.org.br\/site\/wp-json\/wp\/v2\/media?parent=4027"}],"curies":[{"name":"wp","href":"https:\/\/api.w.org\/{rel}","templated":true}]}}