{"id":3880,"date":"2017-10-12T22:04:14","date_gmt":"2017-10-13T01:04:14","guid":{"rendered":"http:\/\/lappis.org.br\/site\/?page_id=3880"},"modified":"2018-06-15T13:16:46","modified_gmt":"2018-06-15T16:16:46","slug":"publica-do-conhecimento","status":"publish","type":"page","link":"https:\/\/lappis.org.br\/site\/comunicacao\/publica-do-conhecimento","title":{"rendered":"Sobre a Comunica\u00e7\u00e3o P\u00fablica do Conhecimento"},"content":{"rendered":"<p>O Conceito de Comunica\u00e7\u00e3o P\u00fablica do Conhecimento adotado neste grupo de pesquisa relaciona-se diretamente com a compreens\u00e3o do termo &#8220;bem p\u00fablico&#8221;. Entendemos que esse termo confere os atributos da ci\u00eancia como empreendimento humano, que traz em seu bojo o nexo axiol\u00f3gico para uma pr\u00e1xis de pesquisa voltada para o progresso, no seu sentido historiogr\u00e1fico, de que todas as sociedades e na\u00e7\u00f5es do mundo devem rumar \u00e0 igualdade social e econ\u00f4mica, onde todos possam ter melhores condi\u00e7\u00f5es de vida. Com isso a defini\u00e7\u00e3o de \u201cbem p\u00fablico\u201d, no campo da sa\u00fade coletiva no Brasil, ganha reciprocidade afirmativa com a ideia de \u201cbem comum\u201d como sendo algo que deve atender a todos, ao povo e \u00e0 comunidade, promovendo a justi\u00e7a.<\/p>\n<p>Nesse sentido a Comunica\u00e7\u00e3o P\u00fablica do Conhecimento sobre Integralidade em Sa\u00fade implica necessariamente numa pr\u00e1tica de pesquisar, comprometida com a democracia e a constru\u00e7\u00e3o da cidadania no cuidado e \u00e9, portanto, um conceito que sup\u00f5e um posicionamento epistemol\u00f3gico. De natureza \u00e9tico-politica-educativa. Trata-se de uma compreens\u00e3o alargada da a\u00e7\u00e3o pol\u00edtica na sa\u00fade que re\u00fane distintas perspectivas anal\u00edticas que tem como trip\u00e9 axiol\u00f3gico: a inclus\u00e3o, as novas formas de institucionalidades e os valores inerentes aos atores\/grupos constitu\u00eddos, hist\u00f3rica e socialmente situados, na medida em que \u00e9 preciso nortear uma leg\u00edtima pol\u00edtica de comunica\u00e7\u00e3o respons\u00e1vel e org\u00e2nica entre Estado, ci\u00eancia e sociedade.<\/p>\n<p>Refor\u00e7a-se aqui a ideia de p\u00fablico como sentido e significado primeiro do que entendemos por pol\u00edtica, na perspectiva arendtiana, que consiste em compreender tal ideia como uma dimens\u00e3o da vida humana que se realiza quando as pessoas formam um \u201cn\u00f3s\u201d, uma unidade que se faz na conviv\u00eancia plural. Portanto, a comunica\u00e7\u00e3o p\u00fablica do conhecimento a partir do principio da integralidade em sa\u00fade diz respeito \u00e0 um processo de comunica\u00e7\u00e3o indispens\u00e1vel \u00e0 democracia brasileira, como maneira de garantir a liberdade e a autonomia da sociedade, tendo como principais fundamentos a diversidade, a diferen\u00e7a e a pluralidade.<\/p>\n<p>Desta forma, a Comunica\u00e7\u00e3o P\u00fablica do Conhecimento \u00e9, portanto, a comunica\u00e7\u00e3o que acontece no espa\u00e7o p\u00fablico e pretende ser um meio de negocia\u00e7\u00e3o, debate e responsabilidade p\u00fablica, envolvendo a Sociedade Civil, o Estado e o Governo.<\/p>\n","protected":false},"excerpt":{"rendered":"<div class=\"mh-excerpt\"><p>O Conceito de Comunica\u00e7\u00e3o P\u00fablica do Conhecimento adotado neste grupo de pesquisa relaciona-se diretamente com a compreens\u00e3o do termo &#8220;bem p\u00fablico&#8221;. Entendemos que esse termo confere os atributos da ci\u00eancia como empreendimento humano, que traz <a class=\"mh-excerpt-more\" href=\"https:\/\/lappis.org.br\/site\/comunicacao\/publica-do-conhecimento\" title=\"Sobre a Comunica\u00e7\u00e3o P\u00fablica do Conhecimento\">[&#8230;]<\/a><\/p>\n<\/div>","protected":false},"author":2,"featured_media":0,"parent":118,"menu_order":2,"comment_status":"closed","ping_status":"closed","template":"","meta":{"_acf_changed":false,"_exactmetrics_skip_tracking":false,"_exactmetrics_sitenote_active":false,"_exactmetrics_sitenote_note":"","_exactmetrics_sitenote_category":0,"jetpack_post_was_ever_published":false,"footnotes":""},"class_list":["post-3880","page","type-page","status-publish"],"acf":[],"yoast_head":"<!-- This site is optimized with the Yoast SEO plugin v25.2 - https:\/\/yoast.com\/wordpress\/plugins\/seo\/ -->\n<title>Sobre a Comunica\u00e7\u00e3o P\u00fablica do Conhecimento - Lappis 25 anos<\/title>\n<meta name=\"robots\" content=\"index, follow, max-snippet:-1, max-image-preview:large, max-video-preview:-1\" \/>\n<link rel=\"canonical\" href=\"https:\/\/lappis.org.br\/site\/comunicacao\/publica-do-conhecimento\" \/>\n<meta property=\"og:locale\" content=\"pt_BR\" \/>\n<meta property=\"og:type\" content=\"article\" \/>\n<meta property=\"og:title\" content=\"Sobre a Comunica\u00e7\u00e3o P\u00fablica do Conhecimento - Lappis 25 anos\" \/>\n<meta property=\"og:description\" content=\"O Conceito de Comunica\u00e7\u00e3o P\u00fablica do Conhecimento adotado neste grupo de pesquisa relaciona-se diretamente com a compreens\u00e3o do termo &#8220;bem p\u00fablico&#8221;. Entendemos que esse termo confere os atributos da ci\u00eancia como empreendimento humano, que traz [...]\" \/>\n<meta property=\"og:url\" content=\"https:\/\/lappis.org.br\/site\/comunicacao\/publica-do-conhecimento\" \/>\n<meta property=\"og:site_name\" content=\"Lappis 25 anos\" \/>\n<meta property=\"article:modified_time\" content=\"2018-06-15T16:16:46+00:00\" \/>\n<meta name=\"twitter:card\" content=\"summary_large_image\" \/>\n<meta name=\"twitter:label1\" content=\"Est. tempo de leitura\" \/>\n\t<meta name=\"twitter:data1\" content=\"2 minutos\" \/>\n<script type=\"application\/ld+json\" class=\"yoast-schema-graph\">{\"@context\":\"https:\/\/schema.org\",\"@graph\":[{\"@type\":\"WebPage\",\"@id\":\"https:\/\/lappis.org.br\/site\/comunicacao\/publica-do-conhecimento\",\"url\":\"https:\/\/lappis.org.br\/site\/comunicacao\/publica-do-conhecimento\",\"name\":\"Sobre a Comunica\u00e7\u00e3o P\u00fablica do Conhecimento - Lappis 25 anos\",\"isPartOf\":{\"@id\":\"https:\/\/lappis.org.br\/site\/#website\"},\"datePublished\":\"2017-10-13T01:04:14+00:00\",\"dateModified\":\"2018-06-15T16:16:46+00:00\",\"breadcrumb\":{\"@id\":\"https:\/\/lappis.org.br\/site\/comunicacao\/publica-do-conhecimento#breadcrumb\"},\"inLanguage\":\"pt-BR\",\"potentialAction\":[{\"@type\":\"ReadAction\",\"target\":[\"https:\/\/lappis.org.br\/site\/comunicacao\/publica-do-conhecimento\"]}]},{\"@type\":\"BreadcrumbList\",\"@id\":\"https:\/\/lappis.org.br\/site\/comunicacao\/publica-do-conhecimento#breadcrumb\",\"itemListElement\":[{\"@type\":\"ListItem\",\"position\":1,\"name\":\"In\u00edcio\",\"item\":\"https:\/\/lappis.org.br\/site\/\"},{\"@type\":\"ListItem\",\"position\":2,\"name\":\"Comunica\u00e7\u00e3o Lappis\",\"item\":\"https:\/\/lappis.org.br\/site\/comunicacao\"},{\"@type\":\"ListItem\",\"position\":3,\"name\":\"Sobre a Comunica\u00e7\u00e3o P\u00fablica do Conhecimento\"}]},{\"@type\":\"WebSite\",\"@id\":\"https:\/\/lappis.org.br\/site\/#website\",\"url\":\"https:\/\/lappis.org.br\/site\/\",\"name\":\"Lappis 25 anos\",\"description\":\"Labotat\u00f3rio de Pesquisas sobre Pr\u00e1ticas de Integralidade em Sa\u00fade\",\"publisher\":{\"@id\":\"https:\/\/lappis.org.br\/site\/#organization\"},\"potentialAction\":[{\"@type\":\"SearchAction\",\"target\":{\"@type\":\"EntryPoint\",\"urlTemplate\":\"https:\/\/lappis.org.br\/site\/?s={search_term_string}\"},\"query-input\":{\"@type\":\"PropertyValueSpecification\",\"valueRequired\":true,\"valueName\":\"search_term_string\"}}],\"inLanguage\":\"pt-BR\"},{\"@type\":\"Organization\",\"@id\":\"https:\/\/lappis.org.br\/site\/#organization\",\"name\":\"Lappis 25 anos\",\"url\":\"https:\/\/lappis.org.br\/site\/\",\"logo\":{\"@type\":\"ImageObject\",\"inLanguage\":\"pt-BR\",\"@id\":\"https:\/\/lappis.org.br\/site\/#\/schema\/logo\/image\/\",\"url\":\"https:\/\/lappis.org.br\/site\/wp-content\/uploads\/2025\/03\/logo-lappis25anos.png\",\"contentUrl\":\"https:\/\/lappis.org.br\/site\/wp-content\/uploads\/2025\/03\/logo-lappis25anos.png\",\"width\":388,\"height\":146,\"caption\":\"Lappis 25 anos\"},\"image\":{\"@id\":\"https:\/\/lappis.org.br\/site\/#\/schema\/logo\/image\/\"}}]}<\/script>\n<!-- \/ Yoast SEO plugin. -->","yoast_head_json":{"title":"Sobre a Comunica\u00e7\u00e3o P\u00fablica do Conhecimento - Lappis 25 anos","robots":{"index":"index","follow":"follow","max-snippet":"max-snippet:-1","max-image-preview":"max-image-preview:large","max-video-preview":"max-video-preview:-1"},"canonical":"https:\/\/lappis.org.br\/site\/comunicacao\/publica-do-conhecimento","og_locale":"pt_BR","og_type":"article","og_title":"Sobre a Comunica\u00e7\u00e3o P\u00fablica do Conhecimento - Lappis 25 anos","og_description":"O Conceito de Comunica\u00e7\u00e3o P\u00fablica do Conhecimento adotado neste grupo de pesquisa relaciona-se diretamente com a compreens\u00e3o do termo &#8220;bem p\u00fablico&#8221;. Entendemos que esse termo confere os atributos da ci\u00eancia como empreendimento humano, que traz [...]","og_url":"https:\/\/lappis.org.br\/site\/comunicacao\/publica-do-conhecimento","og_site_name":"Lappis 25 anos","article_modified_time":"2018-06-15T16:16:46+00:00","twitter_card":"summary_large_image","twitter_misc":{"Est. tempo de leitura":"2 minutos"},"schema":{"@context":"https:\/\/schema.org","@graph":[{"@type":"WebPage","@id":"https:\/\/lappis.org.br\/site\/comunicacao\/publica-do-conhecimento","url":"https:\/\/lappis.org.br\/site\/comunicacao\/publica-do-conhecimento","name":"Sobre a Comunica\u00e7\u00e3o P\u00fablica do Conhecimento - Lappis 25 anos","isPartOf":{"@id":"https:\/\/lappis.org.br\/site\/#website"},"datePublished":"2017-10-13T01:04:14+00:00","dateModified":"2018-06-15T16:16:46+00:00","breadcrumb":{"@id":"https:\/\/lappis.org.br\/site\/comunicacao\/publica-do-conhecimento#breadcrumb"},"inLanguage":"pt-BR","potentialAction":[{"@type":"ReadAction","target":["https:\/\/lappis.org.br\/site\/comunicacao\/publica-do-conhecimento"]}]},{"@type":"BreadcrumbList","@id":"https:\/\/lappis.org.br\/site\/comunicacao\/publica-do-conhecimento#breadcrumb","itemListElement":[{"@type":"ListItem","position":1,"name":"In\u00edcio","item":"https:\/\/lappis.org.br\/site\/"},{"@type":"ListItem","position":2,"name":"Comunica\u00e7\u00e3o Lappis","item":"https:\/\/lappis.org.br\/site\/comunicacao"},{"@type":"ListItem","position":3,"name":"Sobre a Comunica\u00e7\u00e3o P\u00fablica do Conhecimento"}]},{"@type":"WebSite","@id":"https:\/\/lappis.org.br\/site\/#website","url":"https:\/\/lappis.org.br\/site\/","name":"Lappis 25 anos","description":"Labotat\u00f3rio de Pesquisas sobre Pr\u00e1ticas de Integralidade em Sa\u00fade","publisher":{"@id":"https:\/\/lappis.org.br\/site\/#organization"},"potentialAction":[{"@type":"SearchAction","target":{"@type":"EntryPoint","urlTemplate":"https:\/\/lappis.org.br\/site\/?s={search_term_string}"},"query-input":{"@type":"PropertyValueSpecification","valueRequired":true,"valueName":"search_term_string"}}],"inLanguage":"pt-BR"},{"@type":"Organization","@id":"https:\/\/lappis.org.br\/site\/#organization","name":"Lappis 25 anos","url":"https:\/\/lappis.org.br\/site\/","logo":{"@type":"ImageObject","inLanguage":"pt-BR","@id":"https:\/\/lappis.org.br\/site\/#\/schema\/logo\/image\/","url":"https:\/\/lappis.org.br\/site\/wp-content\/uploads\/2025\/03\/logo-lappis25anos.png","contentUrl":"https:\/\/lappis.org.br\/site\/wp-content\/uploads\/2025\/03\/logo-lappis25anos.png","width":388,"height":146,"caption":"Lappis 25 anos"},"image":{"@id":"https:\/\/lappis.org.br\/site\/#\/schema\/logo\/image\/"}}]}},"jetpack_shortlink":"https:\/\/wp.me\/P954Nh-10A","jetpack_sharing_enabled":true,"_links":{"self":[{"href":"https:\/\/lappis.org.br\/site\/wp-json\/wp\/v2\/pages\/3880"}],"collection":[{"href":"https:\/\/lappis.org.br\/site\/wp-json\/wp\/v2\/pages"}],"about":[{"href":"https:\/\/lappis.org.br\/site\/wp-json\/wp\/v2\/types\/page"}],"author":[{"embeddable":true,"href":"https:\/\/lappis.org.br\/site\/wp-json\/wp\/v2\/users\/2"}],"replies":[{"embeddable":true,"href":"https:\/\/lappis.org.br\/site\/wp-json\/wp\/v2\/comments?post=3880"}],"version-history":[{"count":9,"href":"https:\/\/lappis.org.br\/site\/wp-json\/wp\/v2\/pages\/3880\/revisions"}],"predecessor-version":[{"id":6187,"href":"https:\/\/lappis.org.br\/site\/wp-json\/wp\/v2\/pages\/3880\/revisions\/6187"}],"up":[{"embeddable":true,"href":"https:\/\/lappis.org.br\/site\/wp-json\/wp\/v2\/pages\/118"}],"wp:attachment":[{"href":"https:\/\/lappis.org.br\/site\/wp-json\/wp\/v2\/media?parent=3880"}],"curies":[{"name":"wp","href":"https:\/\/api.w.org\/{rel}","templated":true}]}}