{"id":2018,"date":"2013-09-24T17:35:24","date_gmt":"2013-09-24T20:35:24","guid":{"rendered":"http:\/\/lappis.org.br\/site\/2013\/09\/24\/cosems-pesquisa-ensinasus\/"},"modified":"2017-08-23T21:00:39","modified_gmt":"2017-08-24T00:00:39","slug":"cosems-pesquisa-ensinasus","status":"publish","type":"page","link":"https:\/\/lappis.org.br\/site\/cosems-pesquisa-ensinasus","title":{"rendered":"Pesquisa &#8211; Apoiadores\/as regionais\/COSEMS"},"content":{"rendered":"<div>\n<div><strong>Resumo:\u00a0<\/strong><\/div>\n<div>\n<div>\n<p>O projeto de Apoiadores\/as Regionais\/COSEMSvem sendo desenvolvido pelo Lappis desde 2012, com o objetivo de ampliar a capacidade de governo de gestores\/as municipais nos espa\u00e7os de governan\u00e7a, por meio da identifica\u00e7\u00e3o e forma\u00e7\u00e3o de apoiadores\/as locais no contexto das pol\u00edticas p\u00fablicas de sa\u00fade. Fruto de um processo que teve in\u00edcio em 2007 pelo Conselho das Secretarias Municipais de Sa\u00fade (Cosems-RJ), em parceria com o Minist\u00e9rio da Sa\u00fade, o projeto re\u00fane apoiadores\/as oriundos\/as das seguintes regi\u00f5es do estado do Rio de Janeiro: Serrana e Metro II; Metro I e Baixada Litor\u00e2nea; Norte-Noroeste; e Ba\u00eda da Ilha Grande, Centro-Sul e M\u00e9dio-Para\u00edba.Para aprimorar a implementa\u00e7\u00e3o do projeto e a rela\u00e7\u00e3o com as gest\u00f5es municipais de sa\u00fade no estado do Rio de Janeiro, a iniciativa conta com duas ferramentas, que s\u00e3o:o F\u00f3rum Apoiadores Regionais, que re\u00fane informa\u00e7\u00f5es, agenda e documentos de interesse geral;e a Planilha Munic\u00edpios, que disponibiliza calend\u00e1rio de compromissos de gestores\/as municipais que v\u00e3o desde uma campanha de vacina\u00e7\u00e3o at\u00e9 presta\u00e7\u00f5es de contas e obriga\u00e7\u00f5es municipais, o que colabora para os fluxos de informa\u00e7\u00e3o e para o planejamento e organiza\u00e7\u00e3o de a\u00e7\u00f5es.<br \/>\n<strong>Coordena\u00e7\u00e3o<\/strong><br \/>\nRoseni Pinheiro e Ana Maria Auler (Lappis)<br \/>\nMarcela Caldas (Cosems-RJ)<br \/>\n<strong>Equipe<\/strong><br \/>\nMarcela Caldas &#8211; Apoiadora regi\u00e3o M\u00e9dio Para\u00edba<br \/>\nFrancisco Bohrer &#8211; Apoiador regi\u00f5es Norte e Noroeste<br \/>\nRenata Fontoura &#8211; jornalista<br \/>\nAparecida Barbosa &#8211; Apoiadora regi\u00f5es Centro Sul e Serrana<br \/>\nManoel Santos &#8211; Apoiador regi\u00e3o Metropolitana II e Baixada Litor\u00e2nea<br \/>\nFabio Stasiaki &#8211; Apoiador regi\u00f5es Metropolitana I e Ba\u00eda da Ilha Grande<br \/>\n<a href=\"http:\/\/www.lappis.org.br\/site\/conteudoprojapoioreg.html\" target=\"_blank\" rel=\"noopener\">Leia mais sobre a pesquisa<\/a><\/p>\n<\/div>\n<\/div>\n<\/div>\n<div>\n<div><strong>Situa\u00e7\u00e3o:\u00a0<\/strong><\/div>\n<div>\n<div>Conclu\u00eddo<\/div>\n<\/div>\n<\/div>\n<div>\n<div><strong>Natureza:\u00a0<\/strong><\/div>\n<div>\n<div>Pesquisa<\/div>\n<\/div>\n<\/div>\n","protected":false},"excerpt":{"rendered":"<div class=\"mh-excerpt\"><p>Resumo:\u00a0 O projeto de Apoiadores\/as Regionais\/COSEMSvem sendo desenvolvido pelo Lappis desde 2012, com o objetivo de ampliar a capacidade de governo de gestores\/as municipais nos espa\u00e7os de governan\u00e7a, por meio da identifica\u00e7\u00e3o e forma\u00e7\u00e3o de <a class=\"mh-excerpt-more\" href=\"https:\/\/lappis.org.br\/site\/cosems-pesquisa-ensinasus\" title=\"Pesquisa &#8211; Apoiadores\/as regionais\/COSEMS\">[&#8230;]<\/a><\/p>\n<\/div>","protected":false},"author":1,"featured_media":0,"parent":0,"menu_order":3,"comment_status":"open","ping_status":"open","template":"ensinasus-ensino-pesquisa.php","meta":{"_acf_changed":false,"_exactmetrics_skip_tracking":false,"_exactmetrics_sitenote_active":false,"_exactmetrics_sitenote_note":"","_exactmetrics_sitenote_category":0,"jetpack_post_was_ever_published":false,"footnotes":""},"class_list":["post-2018","page","type-page","status-publish"],"acf":[],"yoast_head":"<!-- This site is optimized with the Yoast SEO plugin v25.2 - https:\/\/yoast.com\/wordpress\/plugins\/seo\/ -->\n<title>Pesquisa - Apoiadores\/as regionais\/COSEMS - Lappis 25 anos<\/title>\n<meta name=\"robots\" content=\"index, follow, max-snippet:-1, max-image-preview:large, max-video-preview:-1\" \/>\n<link rel=\"canonical\" href=\"https:\/\/lappis.org.br\/site\/cosems-pesquisa-ensinasus\" \/>\n<meta property=\"og:locale\" content=\"pt_BR\" \/>\n<meta property=\"og:type\" content=\"article\" \/>\n<meta property=\"og:title\" content=\"Pesquisa - Apoiadores\/as regionais\/COSEMS - Lappis 25 anos\" \/>\n<meta property=\"og:description\" content=\"Resumo:\u00a0 O projeto de Apoiadores\/as Regionais\/COSEMSvem sendo desenvolvido pelo Lappis desde 2012, com o objetivo de ampliar a capacidade de governo de gestores\/as municipais nos espa\u00e7os de governan\u00e7a, por meio da identifica\u00e7\u00e3o e forma\u00e7\u00e3o de [...]\" \/>\n<meta property=\"og:url\" content=\"https:\/\/lappis.org.br\/site\/cosems-pesquisa-ensinasus\" \/>\n<meta property=\"og:site_name\" content=\"Lappis 25 anos\" \/>\n<meta property=\"article:modified_time\" content=\"2017-08-24T00:00:39+00:00\" \/>\n<meta name=\"twitter:card\" content=\"summary_large_image\" \/>\n<meta name=\"twitter:label1\" content=\"Est. tempo de leitura\" \/>\n\t<meta name=\"twitter:data1\" content=\"2 minutos\" \/>\n<script type=\"application\/ld+json\" class=\"yoast-schema-graph\">{\"@context\":\"https:\/\/schema.org\",\"@graph\":[{\"@type\":\"WebPage\",\"@id\":\"https:\/\/lappis.org.br\/site\/cosems-pesquisa-ensinasus\",\"url\":\"https:\/\/lappis.org.br\/site\/cosems-pesquisa-ensinasus\",\"name\":\"Pesquisa - Apoiadores\/as regionais\/COSEMS - Lappis 25 anos\",\"isPartOf\":{\"@id\":\"https:\/\/lappis.org.br\/site\/#website\"},\"datePublished\":\"2013-09-24T20:35:24+00:00\",\"dateModified\":\"2017-08-24T00:00:39+00:00\",\"breadcrumb\":{\"@id\":\"https:\/\/lappis.org.br\/site\/cosems-pesquisa-ensinasus#breadcrumb\"},\"inLanguage\":\"pt-BR\",\"potentialAction\":[{\"@type\":\"ReadAction\",\"target\":[\"https:\/\/lappis.org.br\/site\/cosems-pesquisa-ensinasus\"]}]},{\"@type\":\"BreadcrumbList\",\"@id\":\"https:\/\/lappis.org.br\/site\/cosems-pesquisa-ensinasus#breadcrumb\",\"itemListElement\":[{\"@type\":\"ListItem\",\"position\":1,\"name\":\"In\u00edcio\",\"item\":\"https:\/\/lappis.org.br\/site\/\"},{\"@type\":\"ListItem\",\"position\":2,\"name\":\"Pesquisa &#8211; Apoiadores\/as regionais\/COSEMS\"}]},{\"@type\":\"WebSite\",\"@id\":\"https:\/\/lappis.org.br\/site\/#website\",\"url\":\"https:\/\/lappis.org.br\/site\/\",\"name\":\"Lappis 25 anos\",\"description\":\"Labotat\u00f3rio de Pesquisas sobre Pr\u00e1ticas de Integralidade em Sa\u00fade\",\"publisher\":{\"@id\":\"https:\/\/lappis.org.br\/site\/#organization\"},\"potentialAction\":[{\"@type\":\"SearchAction\",\"target\":{\"@type\":\"EntryPoint\",\"urlTemplate\":\"https:\/\/lappis.org.br\/site\/?s={search_term_string}\"},\"query-input\":{\"@type\":\"PropertyValueSpecification\",\"valueRequired\":true,\"valueName\":\"search_term_string\"}}],\"inLanguage\":\"pt-BR\"},{\"@type\":\"Organization\",\"@id\":\"https:\/\/lappis.org.br\/site\/#organization\",\"name\":\"Lappis 25 anos\",\"url\":\"https:\/\/lappis.org.br\/site\/\",\"logo\":{\"@type\":\"ImageObject\",\"inLanguage\":\"pt-BR\",\"@id\":\"https:\/\/lappis.org.br\/site\/#\/schema\/logo\/image\/\",\"url\":\"https:\/\/lappis.org.br\/site\/wp-content\/uploads\/2025\/03\/logo-lappis25anos.png\",\"contentUrl\":\"https:\/\/lappis.org.br\/site\/wp-content\/uploads\/2025\/03\/logo-lappis25anos.png\",\"width\":388,\"height\":146,\"caption\":\"Lappis 25 anos\"},\"image\":{\"@id\":\"https:\/\/lappis.org.br\/site\/#\/schema\/logo\/image\/\"}}]}<\/script>\n<!-- \/ Yoast SEO plugin. -->","yoast_head_json":{"title":"Pesquisa - Apoiadores\/as regionais\/COSEMS - Lappis 25 anos","robots":{"index":"index","follow":"follow","max-snippet":"max-snippet:-1","max-image-preview":"max-image-preview:large","max-video-preview":"max-video-preview:-1"},"canonical":"https:\/\/lappis.org.br\/site\/cosems-pesquisa-ensinasus","og_locale":"pt_BR","og_type":"article","og_title":"Pesquisa - Apoiadores\/as regionais\/COSEMS - Lappis 25 anos","og_description":"Resumo:\u00a0 O projeto de Apoiadores\/as Regionais\/COSEMSvem sendo desenvolvido pelo Lappis desde 2012, com o objetivo de ampliar a capacidade de governo de gestores\/as municipais nos espa\u00e7os de governan\u00e7a, por meio da identifica\u00e7\u00e3o e forma\u00e7\u00e3o de [...]","og_url":"https:\/\/lappis.org.br\/site\/cosems-pesquisa-ensinasus","og_site_name":"Lappis 25 anos","article_modified_time":"2017-08-24T00:00:39+00:00","twitter_card":"summary_large_image","twitter_misc":{"Est. tempo de leitura":"2 minutos"},"schema":{"@context":"https:\/\/schema.org","@graph":[{"@type":"WebPage","@id":"https:\/\/lappis.org.br\/site\/cosems-pesquisa-ensinasus","url":"https:\/\/lappis.org.br\/site\/cosems-pesquisa-ensinasus","name":"Pesquisa - Apoiadores\/as regionais\/COSEMS - Lappis 25 anos","isPartOf":{"@id":"https:\/\/lappis.org.br\/site\/#website"},"datePublished":"2013-09-24T20:35:24+00:00","dateModified":"2017-08-24T00:00:39+00:00","breadcrumb":{"@id":"https:\/\/lappis.org.br\/site\/cosems-pesquisa-ensinasus#breadcrumb"},"inLanguage":"pt-BR","potentialAction":[{"@type":"ReadAction","target":["https:\/\/lappis.org.br\/site\/cosems-pesquisa-ensinasus"]}]},{"@type":"BreadcrumbList","@id":"https:\/\/lappis.org.br\/site\/cosems-pesquisa-ensinasus#breadcrumb","itemListElement":[{"@type":"ListItem","position":1,"name":"In\u00edcio","item":"https:\/\/lappis.org.br\/site\/"},{"@type":"ListItem","position":2,"name":"Pesquisa &#8211; Apoiadores\/as regionais\/COSEMS"}]},{"@type":"WebSite","@id":"https:\/\/lappis.org.br\/site\/#website","url":"https:\/\/lappis.org.br\/site\/","name":"Lappis 25 anos","description":"Labotat\u00f3rio de Pesquisas sobre Pr\u00e1ticas de Integralidade em Sa\u00fade","publisher":{"@id":"https:\/\/lappis.org.br\/site\/#organization"},"potentialAction":[{"@type":"SearchAction","target":{"@type":"EntryPoint","urlTemplate":"https:\/\/lappis.org.br\/site\/?s={search_term_string}"},"query-input":{"@type":"PropertyValueSpecification","valueRequired":true,"valueName":"search_term_string"}}],"inLanguage":"pt-BR"},{"@type":"Organization","@id":"https:\/\/lappis.org.br\/site\/#organization","name":"Lappis 25 anos","url":"https:\/\/lappis.org.br\/site\/","logo":{"@type":"ImageObject","inLanguage":"pt-BR","@id":"https:\/\/lappis.org.br\/site\/#\/schema\/logo\/image\/","url":"https:\/\/lappis.org.br\/site\/wp-content\/uploads\/2025\/03\/logo-lappis25anos.png","contentUrl":"https:\/\/lappis.org.br\/site\/wp-content\/uploads\/2025\/03\/logo-lappis25anos.png","width":388,"height":146,"caption":"Lappis 25 anos"},"image":{"@id":"https:\/\/lappis.org.br\/site\/#\/schema\/logo\/image\/"}}]}},"jetpack_shortlink":"https:\/\/wp.me\/P954Nh-wy","jetpack_sharing_enabled":true,"_links":{"self":[{"href":"https:\/\/lappis.org.br\/site\/wp-json\/wp\/v2\/pages\/2018"}],"collection":[{"href":"https:\/\/lappis.org.br\/site\/wp-json\/wp\/v2\/pages"}],"about":[{"href":"https:\/\/lappis.org.br\/site\/wp-json\/wp\/v2\/types\/page"}],"author":[{"embeddable":true,"href":"https:\/\/lappis.org.br\/site\/wp-json\/wp\/v2\/users\/1"}],"replies":[{"embeddable":true,"href":"https:\/\/lappis.org.br\/site\/wp-json\/wp\/v2\/comments?post=2018"}],"version-history":[{"count":2,"href":"https:\/\/lappis.org.br\/site\/wp-json\/wp\/v2\/pages\/2018\/revisions"}],"predecessor-version":[{"id":3813,"href":"https:\/\/lappis.org.br\/site\/wp-json\/wp\/v2\/pages\/2018\/revisions\/3813"}],"wp:attachment":[{"href":"https:\/\/lappis.org.br\/site\/wp-json\/wp\/v2\/media?parent=2018"}],"curies":[{"name":"wp","href":"https:\/\/api.w.org\/{rel}","templated":true}]}}