{"id":2016,"date":"2013-09-24T17:35:24","date_gmt":"2013-09-24T20:35:24","guid":{"rendered":"http:\/\/lappis.org.br\/site\/2013\/09\/24\/apresentacao-pesquisa-ensinasus\/"},"modified":"2017-10-17T10:00:32","modified_gmt":"2017-10-17T12:00:32","slug":"pesquisa-apresentacao-ensinasus","status":"publish","type":"page","link":"https:\/\/lappis.org.br\/site\/pesquisa-apresentacao-ensinasus","title":{"rendered":"Pesquisa &#8211; Apresenta\u00e7\u00e3o"},"content":{"rendered":"<p><strong>Pesquisa\u00a0<\/strong>\u00e9 o segundo eixo estruturante do Lappis, que se constituiu, desde a sua origem, a partir do desenvolvimento de estudos na identifica\u00e7\u00e3o e constru\u00e7\u00e3o de pr\u00e1ticas de aten\u00e7\u00e3o e cuidado em sa\u00fade. Trata-se de um conjunto de estudos que visa a produ\u00e7\u00e3o de conhecimento decorrente da interse\u00e7\u00e3o das linhas de atua\u00e7\u00e3o do Lappis e que retroalimenta os eixos Ensino e Extens\u00e3o.<\/p>\n<p>Neste sentido, as pesquisas conclu\u00eddas e em andamento d\u00e3o visibilidade \u00e0s especificidades das diferentes regi\u00f5es do pa\u00eds, contribuindo para o aperfei\u00e7oamento e a inova\u00e7\u00e3o de referenciais te\u00f3rico-metodol\u00f3gicos sobre pr\u00e1ticas de Integralidade em sa\u00fade e seus efeitos. As linhas de atua\u00e7\u00e3o em pesquisa do Lappis s\u00e3o: Ci\u00eancia e sa\u00fade em movimento; Sa\u00fade participativa; Cidadania do Cuidado; Sa\u00fade coletiva, institui\u00e7\u00f5es e sociedade civil; e EnsinaSUS.<br \/>\nAcompanhe aqui mais informa\u00e7\u00f5es sobre as pesquisas em desenvolvimento e outras j\u00e1 finalizadas pelo Lappis e, se voc\u00ea participa de alguma pesquisa do Lappis, cadastre-se na \u00e1rea interativa da se\u00e7\u00e3o EnsinaSUS e confira informa\u00e7\u00f5es de acesso restrito.<\/p>\n","protected":false},"excerpt":{"rendered":"<div class=\"mh-excerpt\"><p>Pesquisa\u00a0\u00e9 o segundo eixo estruturante do Lappis, que se constituiu, desde a sua origem, a partir do desenvolvimento de estudos na identifica\u00e7\u00e3o e constru\u00e7\u00e3o de pr\u00e1ticas de aten\u00e7\u00e3o e cuidado em sa\u00fade. Trata-se de um <a class=\"mh-excerpt-more\" href=\"https:\/\/lappis.org.br\/site\/pesquisa-apresentacao-ensinasus\" title=\"Pesquisa &#8211; Apresenta\u00e7\u00e3o\">[&#8230;]<\/a><\/p>\n<\/div>","protected":false},"author":1,"featured_media":0,"parent":0,"menu_order":5,"comment_status":"closed","ping_status":"closed","template":"","meta":{"_acf_changed":false,"_exactmetrics_skip_tracking":false,"_exactmetrics_sitenote_active":false,"_exactmetrics_sitenote_note":"","_exactmetrics_sitenote_category":0,"jetpack_post_was_ever_published":false,"footnotes":""},"class_list":["post-2016","page","type-page","status-publish"],"acf":[],"yoast_head":"<!-- This site is optimized with the Yoast SEO plugin v25.2 - https:\/\/yoast.com\/wordpress\/plugins\/seo\/ -->\n<title>Pesquisa - Apresenta\u00e7\u00e3o - Lappis 25 anos<\/title>\n<meta name=\"robots\" content=\"index, follow, max-snippet:-1, max-image-preview:large, max-video-preview:-1\" \/>\n<link rel=\"canonical\" href=\"https:\/\/lappis.org.br\/site\/pesquisa-apresentacao-ensinasus\" \/>\n<meta property=\"og:locale\" content=\"pt_BR\" \/>\n<meta property=\"og:type\" content=\"article\" \/>\n<meta property=\"og:title\" content=\"Pesquisa - Apresenta\u00e7\u00e3o - Lappis 25 anos\" \/>\n<meta property=\"og:description\" content=\"Pesquisa\u00a0\u00e9 o segundo eixo estruturante do Lappis, que se constituiu, desde a sua origem, a partir do desenvolvimento de estudos na identifica\u00e7\u00e3o e constru\u00e7\u00e3o de pr\u00e1ticas de aten\u00e7\u00e3o e cuidado em sa\u00fade. Trata-se de um [...]\" \/>\n<meta property=\"og:url\" content=\"https:\/\/lappis.org.br\/site\/pesquisa-apresentacao-ensinasus\" \/>\n<meta property=\"og:site_name\" content=\"Lappis 25 anos\" \/>\n<meta property=\"article:modified_time\" content=\"2017-10-17T12:00:32+00:00\" \/>\n<meta name=\"twitter:card\" content=\"summary_large_image\" \/>\n<meta name=\"twitter:label1\" content=\"Est. tempo de leitura\" \/>\n\t<meta name=\"twitter:data1\" content=\"1 minuto\" \/>\n<script type=\"application\/ld+json\" class=\"yoast-schema-graph\">{\"@context\":\"https:\/\/schema.org\",\"@graph\":[{\"@type\":\"WebPage\",\"@id\":\"https:\/\/lappis.org.br\/site\/pesquisa-apresentacao-ensinasus\",\"url\":\"https:\/\/lappis.org.br\/site\/pesquisa-apresentacao-ensinasus\",\"name\":\"Pesquisa - Apresenta\u00e7\u00e3o - Lappis 25 anos\",\"isPartOf\":{\"@id\":\"https:\/\/lappis.org.br\/site\/#website\"},\"datePublished\":\"2013-09-24T20:35:24+00:00\",\"dateModified\":\"2017-10-17T12:00:32+00:00\",\"breadcrumb\":{\"@id\":\"https:\/\/lappis.org.br\/site\/pesquisa-apresentacao-ensinasus#breadcrumb\"},\"inLanguage\":\"pt-BR\",\"potentialAction\":[{\"@type\":\"ReadAction\",\"target\":[\"https:\/\/lappis.org.br\/site\/pesquisa-apresentacao-ensinasus\"]}]},{\"@type\":\"BreadcrumbList\",\"@id\":\"https:\/\/lappis.org.br\/site\/pesquisa-apresentacao-ensinasus#breadcrumb\",\"itemListElement\":[{\"@type\":\"ListItem\",\"position\":1,\"name\":\"In\u00edcio\",\"item\":\"https:\/\/lappis.org.br\/site\/\"},{\"@type\":\"ListItem\",\"position\":2,\"name\":\"Pesquisa &#8211; Apresenta\u00e7\u00e3o\"}]},{\"@type\":\"WebSite\",\"@id\":\"https:\/\/lappis.org.br\/site\/#website\",\"url\":\"https:\/\/lappis.org.br\/site\/\",\"name\":\"Lappis 25 anos\",\"description\":\"Labotat\u00f3rio de Pesquisas sobre Pr\u00e1ticas de Integralidade em Sa\u00fade\",\"publisher\":{\"@id\":\"https:\/\/lappis.org.br\/site\/#organization\"},\"potentialAction\":[{\"@type\":\"SearchAction\",\"target\":{\"@type\":\"EntryPoint\",\"urlTemplate\":\"https:\/\/lappis.org.br\/site\/?s={search_term_string}\"},\"query-input\":{\"@type\":\"PropertyValueSpecification\",\"valueRequired\":true,\"valueName\":\"search_term_string\"}}],\"inLanguage\":\"pt-BR\"},{\"@type\":\"Organization\",\"@id\":\"https:\/\/lappis.org.br\/site\/#organization\",\"name\":\"Lappis 25 anos\",\"url\":\"https:\/\/lappis.org.br\/site\/\",\"logo\":{\"@type\":\"ImageObject\",\"inLanguage\":\"pt-BR\",\"@id\":\"https:\/\/lappis.org.br\/site\/#\/schema\/logo\/image\/\",\"url\":\"https:\/\/lappis.org.br\/site\/wp-content\/uploads\/2025\/03\/logo-lappis25anos.png\",\"contentUrl\":\"https:\/\/lappis.org.br\/site\/wp-content\/uploads\/2025\/03\/logo-lappis25anos.png\",\"width\":388,\"height\":146,\"caption\":\"Lappis 25 anos\"},\"image\":{\"@id\":\"https:\/\/lappis.org.br\/site\/#\/schema\/logo\/image\/\"}}]}<\/script>\n<!-- \/ Yoast SEO plugin. -->","yoast_head_json":{"title":"Pesquisa - Apresenta\u00e7\u00e3o - Lappis 25 anos","robots":{"index":"index","follow":"follow","max-snippet":"max-snippet:-1","max-image-preview":"max-image-preview:large","max-video-preview":"max-video-preview:-1"},"canonical":"https:\/\/lappis.org.br\/site\/pesquisa-apresentacao-ensinasus","og_locale":"pt_BR","og_type":"article","og_title":"Pesquisa - Apresenta\u00e7\u00e3o - Lappis 25 anos","og_description":"Pesquisa\u00a0\u00e9 o segundo eixo estruturante do Lappis, que se constituiu, desde a sua origem, a partir do desenvolvimento de estudos na identifica\u00e7\u00e3o e constru\u00e7\u00e3o de pr\u00e1ticas de aten\u00e7\u00e3o e cuidado em sa\u00fade. Trata-se de um [...]","og_url":"https:\/\/lappis.org.br\/site\/pesquisa-apresentacao-ensinasus","og_site_name":"Lappis 25 anos","article_modified_time":"2017-10-17T12:00:32+00:00","twitter_card":"summary_large_image","twitter_misc":{"Est. tempo de leitura":"1 minuto"},"schema":{"@context":"https:\/\/schema.org","@graph":[{"@type":"WebPage","@id":"https:\/\/lappis.org.br\/site\/pesquisa-apresentacao-ensinasus","url":"https:\/\/lappis.org.br\/site\/pesquisa-apresentacao-ensinasus","name":"Pesquisa - Apresenta\u00e7\u00e3o - Lappis 25 anos","isPartOf":{"@id":"https:\/\/lappis.org.br\/site\/#website"},"datePublished":"2013-09-24T20:35:24+00:00","dateModified":"2017-10-17T12:00:32+00:00","breadcrumb":{"@id":"https:\/\/lappis.org.br\/site\/pesquisa-apresentacao-ensinasus#breadcrumb"},"inLanguage":"pt-BR","potentialAction":[{"@type":"ReadAction","target":["https:\/\/lappis.org.br\/site\/pesquisa-apresentacao-ensinasus"]}]},{"@type":"BreadcrumbList","@id":"https:\/\/lappis.org.br\/site\/pesquisa-apresentacao-ensinasus#breadcrumb","itemListElement":[{"@type":"ListItem","position":1,"name":"In\u00edcio","item":"https:\/\/lappis.org.br\/site\/"},{"@type":"ListItem","position":2,"name":"Pesquisa &#8211; Apresenta\u00e7\u00e3o"}]},{"@type":"WebSite","@id":"https:\/\/lappis.org.br\/site\/#website","url":"https:\/\/lappis.org.br\/site\/","name":"Lappis 25 anos","description":"Labotat\u00f3rio de Pesquisas sobre Pr\u00e1ticas de Integralidade em Sa\u00fade","publisher":{"@id":"https:\/\/lappis.org.br\/site\/#organization"},"potentialAction":[{"@type":"SearchAction","target":{"@type":"EntryPoint","urlTemplate":"https:\/\/lappis.org.br\/site\/?s={search_term_string}"},"query-input":{"@type":"PropertyValueSpecification","valueRequired":true,"valueName":"search_term_string"}}],"inLanguage":"pt-BR"},{"@type":"Organization","@id":"https:\/\/lappis.org.br\/site\/#organization","name":"Lappis 25 anos","url":"https:\/\/lappis.org.br\/site\/","logo":{"@type":"ImageObject","inLanguage":"pt-BR","@id":"https:\/\/lappis.org.br\/site\/#\/schema\/logo\/image\/","url":"https:\/\/lappis.org.br\/site\/wp-content\/uploads\/2025\/03\/logo-lappis25anos.png","contentUrl":"https:\/\/lappis.org.br\/site\/wp-content\/uploads\/2025\/03\/logo-lappis25anos.png","width":388,"height":146,"caption":"Lappis 25 anos"},"image":{"@id":"https:\/\/lappis.org.br\/site\/#\/schema\/logo\/image\/"}}]}},"jetpack_shortlink":"https:\/\/wp.me\/P954Nh-ww","jetpack_sharing_enabled":true,"_links":{"self":[{"href":"https:\/\/lappis.org.br\/site\/wp-json\/wp\/v2\/pages\/2016"}],"collection":[{"href":"https:\/\/lappis.org.br\/site\/wp-json\/wp\/v2\/pages"}],"about":[{"href":"https:\/\/lappis.org.br\/site\/wp-json\/wp\/v2\/types\/page"}],"author":[{"embeddable":true,"href":"https:\/\/lappis.org.br\/site\/wp-json\/wp\/v2\/users\/1"}],"replies":[{"embeddable":true,"href":"https:\/\/lappis.org.br\/site\/wp-json\/wp\/v2\/comments?post=2016"}],"version-history":[{"count":1,"href":"https:\/\/lappis.org.br\/site\/wp-json\/wp\/v2\/pages\/2016\/revisions"}],"predecessor-version":[{"id":3765,"href":"https:\/\/lappis.org.br\/site\/wp-json\/wp\/v2\/pages\/2016\/revisions\/3765"}],"wp:attachment":[{"href":"https:\/\/lappis.org.br\/site\/wp-json\/wp\/v2\/media?parent=2016"}],"curies":[{"name":"wp","href":"https:\/\/api.w.org\/{rel}","templated":true}]}}