{"id":1997,"date":"2013-09-24T17:35:24","date_gmt":"2013-09-24T20:35:24","guid":{"rendered":"http:\/\/lappis.org.br\/site\/2013\/09\/24\/apresentacao-ensino-ensinasus\/"},"modified":"2017-10-16T13:16:40","modified_gmt":"2017-10-16T15:16:40","slug":"apresentacao-ensino-ensinasus","status":"publish","type":"page","link":"https:\/\/lappis.org.br\/site\/apresentacao-ensino-ensinasus","title":{"rendered":"Ensino &#8211; Apresenta\u00e7\u00e3o"},"content":{"rendered":"<p>O\u00a0<strong>Ensino\u00a0<\/strong>constitui-se como eixo estruturante da linha de atua\u00e7\u00e3o EnsinaSUS e vem se desdobrando em diferentes a\u00e7\u00f5es com a finalidade de cooperar para a forma\u00e7\u00e3o, com \u00eanfase na transdisciplinaridade e na transversalidade, dos\/as profissionais de sa\u00fade.<\/p>\n<p>Seguindo sua voca\u00e7\u00e3o, o Lappis vem oferecendo, ao longo de sua trajet\u00f3ria, iniciativas de forma\u00e7\u00e3o multiprofissional, tendo a Integralidade como eixo tem\u00e1tico e sendo o referencial te\u00f3rico-metod\u00f3logico inserido no campo das Ci\u00eancias Sociais e Humanas em Sa\u00fade. Neste sentido, a partir do eixo Ensino, s\u00e3o oferecidas disciplinas de atualiza\u00e7\u00e3o em diferentes institui\u00e7\u00f5es de ensino em sa\u00fade do pa\u00eds, em p\u00f3s-gradua\u00e7\u00e3o stricto e lato sensu, em uma rela\u00e7\u00e3o indissoci\u00e1vel com os eixos pesquisa e extens\u00e3o que tamb\u00e9m configuram o Lappis.<\/p>\n<p><span style=\"font-family: inherit; font-size: inherit; margin: 0px; padding: 0px; border: 0px; font-style: inherit; font-variant: inherit; line-height: 1.6em; vertical-align: baseline;\">Confira mais detalhes sobre as pr\u00e1ticas de Ensino do Lappis, em<\/span><strong>\u00a0Intensiv\u00e3o da Integralidade<\/strong>,\u00a0<strong>Especializa\u00e7\u00e3o\u00a0<\/strong><span style=\"font-family: inherit; font-size: inherit; margin: 0px; padding: 0px; border: 0px; font-style: inherit; font-variant: inherit; line-height: 1.6em; vertical-align: baseline;\">e <strong>Inicia\u00e7\u00e3o Cient\u00edfica<\/strong>.\u00a0<\/span><\/p>\n","protected":false},"excerpt":{"rendered":"<div class=\"mh-excerpt\"><p>O\u00a0Ensino\u00a0constitui-se como eixo estruturante da linha de atua\u00e7\u00e3o EnsinaSUS e vem se desdobrando em diferentes a\u00e7\u00f5es com a finalidade de cooperar para a forma\u00e7\u00e3o, com \u00eanfase na transdisciplinaridade e na transversalidade, dos\/as profissionais de sa\u00fade. <a class=\"mh-excerpt-more\" href=\"https:\/\/lappis.org.br\/site\/apresentacao-ensino-ensinasus\" title=\"Ensino &#8211; Apresenta\u00e7\u00e3o\">[&#8230;]<\/a><\/p>\n<\/div>","protected":false},"author":1,"featured_media":0,"parent":0,"menu_order":8,"comment_status":"closed","ping_status":"closed","template":"","meta":{"_acf_changed":false,"_exactmetrics_skip_tracking":false,"_exactmetrics_sitenote_active":false,"_exactmetrics_sitenote_note":"","_exactmetrics_sitenote_category":0,"jetpack_post_was_ever_published":false,"footnotes":""},"class_list":["post-1997","page","type-page","status-publish"],"acf":[],"yoast_head":"<!-- This site is optimized with the Yoast SEO plugin v25.2 - https:\/\/yoast.com\/wordpress\/plugins\/seo\/ -->\n<title>Ensino - Apresenta\u00e7\u00e3o - Lappis 25 anos<\/title>\n<meta name=\"robots\" content=\"index, follow, max-snippet:-1, max-image-preview:large, max-video-preview:-1\" \/>\n<link rel=\"canonical\" href=\"https:\/\/lappis.org.br\/site\/apresentacao-ensino-ensinasus\" \/>\n<meta property=\"og:locale\" content=\"pt_BR\" \/>\n<meta property=\"og:type\" content=\"article\" \/>\n<meta property=\"og:title\" content=\"Ensino - Apresenta\u00e7\u00e3o - Lappis 25 anos\" \/>\n<meta property=\"og:description\" content=\"O\u00a0Ensino\u00a0constitui-se como eixo estruturante da linha de atua\u00e7\u00e3o EnsinaSUS e vem se desdobrando em diferentes a\u00e7\u00f5es com a finalidade de cooperar para a forma\u00e7\u00e3o, com \u00eanfase na transdisciplinaridade e na transversalidade, dos\/as profissionais de sa\u00fade. [...]\" \/>\n<meta property=\"og:url\" content=\"https:\/\/lappis.org.br\/site\/apresentacao-ensino-ensinasus\" \/>\n<meta property=\"og:site_name\" content=\"Lappis 25 anos\" \/>\n<meta property=\"article:modified_time\" content=\"2017-10-16T15:16:40+00:00\" \/>\n<meta name=\"twitter:card\" content=\"summary_large_image\" \/>\n<meta name=\"twitter:label1\" content=\"Est. tempo de leitura\" \/>\n\t<meta name=\"twitter:data1\" content=\"1 minuto\" \/>\n<script type=\"application\/ld+json\" class=\"yoast-schema-graph\">{\"@context\":\"https:\/\/schema.org\",\"@graph\":[{\"@type\":\"WebPage\",\"@id\":\"https:\/\/lappis.org.br\/site\/apresentacao-ensino-ensinasus\",\"url\":\"https:\/\/lappis.org.br\/site\/apresentacao-ensino-ensinasus\",\"name\":\"Ensino - Apresenta\u00e7\u00e3o - Lappis 25 anos\",\"isPartOf\":{\"@id\":\"https:\/\/lappis.org.br\/site\/#website\"},\"datePublished\":\"2013-09-24T20:35:24+00:00\",\"dateModified\":\"2017-10-16T15:16:40+00:00\",\"breadcrumb\":{\"@id\":\"https:\/\/lappis.org.br\/site\/apresentacao-ensino-ensinasus#breadcrumb\"},\"inLanguage\":\"pt-BR\",\"potentialAction\":[{\"@type\":\"ReadAction\",\"target\":[\"https:\/\/lappis.org.br\/site\/apresentacao-ensino-ensinasus\"]}]},{\"@type\":\"BreadcrumbList\",\"@id\":\"https:\/\/lappis.org.br\/site\/apresentacao-ensino-ensinasus#breadcrumb\",\"itemListElement\":[{\"@type\":\"ListItem\",\"position\":1,\"name\":\"In\u00edcio\",\"item\":\"https:\/\/lappis.org.br\/site\/\"},{\"@type\":\"ListItem\",\"position\":2,\"name\":\"Ensino &#8211; Apresenta\u00e7\u00e3o\"}]},{\"@type\":\"WebSite\",\"@id\":\"https:\/\/lappis.org.br\/site\/#website\",\"url\":\"https:\/\/lappis.org.br\/site\/\",\"name\":\"Lappis 25 anos\",\"description\":\"Labotat\u00f3rio de Pesquisas sobre Pr\u00e1ticas de Integralidade em Sa\u00fade\",\"publisher\":{\"@id\":\"https:\/\/lappis.org.br\/site\/#organization\"},\"potentialAction\":[{\"@type\":\"SearchAction\",\"target\":{\"@type\":\"EntryPoint\",\"urlTemplate\":\"https:\/\/lappis.org.br\/site\/?s={search_term_string}\"},\"query-input\":{\"@type\":\"PropertyValueSpecification\",\"valueRequired\":true,\"valueName\":\"search_term_string\"}}],\"inLanguage\":\"pt-BR\"},{\"@type\":\"Organization\",\"@id\":\"https:\/\/lappis.org.br\/site\/#organization\",\"name\":\"Lappis 25 anos\",\"url\":\"https:\/\/lappis.org.br\/site\/\",\"logo\":{\"@type\":\"ImageObject\",\"inLanguage\":\"pt-BR\",\"@id\":\"https:\/\/lappis.org.br\/site\/#\/schema\/logo\/image\/\",\"url\":\"https:\/\/lappis.org.br\/site\/wp-content\/uploads\/2025\/03\/logo-lappis25anos.png\",\"contentUrl\":\"https:\/\/lappis.org.br\/site\/wp-content\/uploads\/2025\/03\/logo-lappis25anos.png\",\"width\":388,\"height\":146,\"caption\":\"Lappis 25 anos\"},\"image\":{\"@id\":\"https:\/\/lappis.org.br\/site\/#\/schema\/logo\/image\/\"}}]}<\/script>\n<!-- \/ Yoast SEO plugin. -->","yoast_head_json":{"title":"Ensino - Apresenta\u00e7\u00e3o - Lappis 25 anos","robots":{"index":"index","follow":"follow","max-snippet":"max-snippet:-1","max-image-preview":"max-image-preview:large","max-video-preview":"max-video-preview:-1"},"canonical":"https:\/\/lappis.org.br\/site\/apresentacao-ensino-ensinasus","og_locale":"pt_BR","og_type":"article","og_title":"Ensino - Apresenta\u00e7\u00e3o - Lappis 25 anos","og_description":"O\u00a0Ensino\u00a0constitui-se como eixo estruturante da linha de atua\u00e7\u00e3o EnsinaSUS e vem se desdobrando em diferentes a\u00e7\u00f5es com a finalidade de cooperar para a forma\u00e7\u00e3o, com \u00eanfase na transdisciplinaridade e na transversalidade, dos\/as profissionais de sa\u00fade. [...]","og_url":"https:\/\/lappis.org.br\/site\/apresentacao-ensino-ensinasus","og_site_name":"Lappis 25 anos","article_modified_time":"2017-10-16T15:16:40+00:00","twitter_card":"summary_large_image","twitter_misc":{"Est. tempo de leitura":"1 minuto"},"schema":{"@context":"https:\/\/schema.org","@graph":[{"@type":"WebPage","@id":"https:\/\/lappis.org.br\/site\/apresentacao-ensino-ensinasus","url":"https:\/\/lappis.org.br\/site\/apresentacao-ensino-ensinasus","name":"Ensino - Apresenta\u00e7\u00e3o - Lappis 25 anos","isPartOf":{"@id":"https:\/\/lappis.org.br\/site\/#website"},"datePublished":"2013-09-24T20:35:24+00:00","dateModified":"2017-10-16T15:16:40+00:00","breadcrumb":{"@id":"https:\/\/lappis.org.br\/site\/apresentacao-ensino-ensinasus#breadcrumb"},"inLanguage":"pt-BR","potentialAction":[{"@type":"ReadAction","target":["https:\/\/lappis.org.br\/site\/apresentacao-ensino-ensinasus"]}]},{"@type":"BreadcrumbList","@id":"https:\/\/lappis.org.br\/site\/apresentacao-ensino-ensinasus#breadcrumb","itemListElement":[{"@type":"ListItem","position":1,"name":"In\u00edcio","item":"https:\/\/lappis.org.br\/site\/"},{"@type":"ListItem","position":2,"name":"Ensino &#8211; Apresenta\u00e7\u00e3o"}]},{"@type":"WebSite","@id":"https:\/\/lappis.org.br\/site\/#website","url":"https:\/\/lappis.org.br\/site\/","name":"Lappis 25 anos","description":"Labotat\u00f3rio de Pesquisas sobre Pr\u00e1ticas de Integralidade em Sa\u00fade","publisher":{"@id":"https:\/\/lappis.org.br\/site\/#organization"},"potentialAction":[{"@type":"SearchAction","target":{"@type":"EntryPoint","urlTemplate":"https:\/\/lappis.org.br\/site\/?s={search_term_string}"},"query-input":{"@type":"PropertyValueSpecification","valueRequired":true,"valueName":"search_term_string"}}],"inLanguage":"pt-BR"},{"@type":"Organization","@id":"https:\/\/lappis.org.br\/site\/#organization","name":"Lappis 25 anos","url":"https:\/\/lappis.org.br\/site\/","logo":{"@type":"ImageObject","inLanguage":"pt-BR","@id":"https:\/\/lappis.org.br\/site\/#\/schema\/logo\/image\/","url":"https:\/\/lappis.org.br\/site\/wp-content\/uploads\/2025\/03\/logo-lappis25anos.png","contentUrl":"https:\/\/lappis.org.br\/site\/wp-content\/uploads\/2025\/03\/logo-lappis25anos.png","width":388,"height":146,"caption":"Lappis 25 anos"},"image":{"@id":"https:\/\/lappis.org.br\/site\/#\/schema\/logo\/image\/"}}]}},"jetpack_shortlink":"https:\/\/wp.me\/P954Nh-wd","jetpack_sharing_enabled":true,"_links":{"self":[{"href":"https:\/\/lappis.org.br\/site\/wp-json\/wp\/v2\/pages\/1997"}],"collection":[{"href":"https:\/\/lappis.org.br\/site\/wp-json\/wp\/v2\/pages"}],"about":[{"href":"https:\/\/lappis.org.br\/site\/wp-json\/wp\/v2\/types\/page"}],"author":[{"embeddable":true,"href":"https:\/\/lappis.org.br\/site\/wp-json\/wp\/v2\/users\/1"}],"replies":[{"embeddable":true,"href":"https:\/\/lappis.org.br\/site\/wp-json\/wp\/v2\/comments?post=1997"}],"version-history":[{"count":4,"href":"https:\/\/lappis.org.br\/site\/wp-json\/wp\/v2\/pages\/1997\/revisions"}],"predecessor-version":[{"id":4119,"href":"https:\/\/lappis.org.br\/site\/wp-json\/wp\/v2\/pages\/1997\/revisions\/4119"}],"wp:attachment":[{"href":"https:\/\/lappis.org.br\/site\/wp-json\/wp\/v2\/media?parent=1997"}],"curies":[{"name":"wp","href":"https:\/\/api.w.org\/{rel}","templated":true}]}}