{"id":1988,"date":"2013-09-23T19:40:53","date_gmt":"2013-09-23T22:40:53","guid":{"rendered":"http:\/\/lappis.org.br\/site\/2013\/09\/23\/apresentacao-ensinasus\/"},"modified":"2017-10-16T13:15:46","modified_gmt":"2017-10-16T15:15:46","slug":"sobre-o-ensinasus","status":"publish","type":"page","link":"https:\/\/lappis.org.br\/site\/sobre-o-ensinasus","title":{"rendered":"Sobre o EnsinaSUS"},"content":{"rendered":"<p>Seja bem-vindo\/a \u00e0 se\u00e7\u00e3o EnsinaSUS, um espa\u00e7o online criado para reunir informa\u00e7\u00f5es acerca dos eixos\u00a0<strong>ensino,\u00a0pesquisa\u00a0e\u00a0extens\u00e3o<\/strong>\u00a0do Lappis e respectivas atividades desenvolvidas a partir de linha de atua\u00e7\u00e3o hom\u00f4nima e promover uma intera\u00e7\u00e3o entre pesquisadores\/as, professores\/as, estudantes e outros\/as colaboradores\/as institucionais.<\/p>\n<p>Iniciado em 2005, com o apoio da Organiza\u00e7\u00e3o Pan-Americana da Sa\u00fade (Opas), Minist\u00e9rio da Sa\u00fade, Conselho Nacional de Desenvolvimento Cient\u00edfico e Tecnol\u00f3gico (CNPq) e Funda\u00e7\u00e3o de Amparo \u00e0 Pesquisa do Estado do Rio de Janeiro (Faperj), o EnsinaSUS, como uma das linhas de atua\u00e7\u00e3o do Lappis, configura o trabalho de vanguarda de pesquisadores\/as que atuam, de forma inovadora, educativa e \u00e9tico-pol\u00edtica, no ensino, pesquisa e forma\u00e7\u00e3o e para o Sistema \u00danico de Sa\u00fade (SUS). Seu objetivo geral tem sido apoiar experi\u00eancias realizadas por diferentes institui\u00e7\u00f5es de educa\u00e7\u00e3o, sa\u00fade e direito, buscando a melhoria da forma\u00e7\u00e3o de profissionais dessas \u00e1reas em dois campos de atua\u00e7\u00e3o espec\u00edficos: a) na forma\u00e7\u00e3o e educa\u00e7\u00e3o permanente, tendo em vista as interfaces educa\u00e7\u00e3o, sa\u00fade, direito e trabalho; e b) no desenvolvimento\/incorpora\u00e7\u00e3o de novas tecnologias do cuidado capazes de articular saberes e pr\u00e1ticas produzidas nos servi\u00e7os, a fim de conhec\u00ea-las, avali\u00e1-las e promover sua divulga\u00e7\u00e3o.<\/p>\n<p>Na se\u00e7\u00e3o EnsinaSUS, voc\u00ea encontra\u00a0um hist\u00f3rico das iniciativas de ensino, pesquisa e extens\u00e3o em andamento, bem como as j\u00e1 conclu\u00eddas, com detalhes sobre experi\u00eancias que t\u00eam feito a diferen\u00e7a nos processos de educa\u00e7\u00e3o e forma\u00e7\u00e3o de profissionais de sa\u00fade, em sintonia com o princ\u00edpio da Integralidade e na defesa do SUS. Al\u00e9m disso, se voc\u00ea participa de alguma a\u00e7\u00e3o do Lappis, pode\u00a0acessar \u00e1reas restritas, onde est\u00e3o disponibilizadas informa\u00e7\u00f5es sobre diferentes\u00a0atividades.<\/p>\n<p>Boa leitura!<\/p>\n","protected":false},"excerpt":{"rendered":"<div class=\"mh-excerpt\"><p>Seja bem-vindo\/a \u00e0 se\u00e7\u00e3o EnsinaSUS, um espa\u00e7o online criado para reunir informa\u00e7\u00f5es acerca dos eixos\u00a0ensino,\u00a0pesquisa\u00a0e\u00a0extens\u00e3o\u00a0do Lappis e respectivas atividades desenvolvidas a partir de linha de atua\u00e7\u00e3o hom\u00f4nima e promover uma intera\u00e7\u00e3o entre pesquisadores\/as, professores\/as, estudantes <a class=\"mh-excerpt-more\" href=\"https:\/\/lappis.org.br\/site\/sobre-o-ensinasus\" title=\"Sobre o EnsinaSUS\">[&#8230;]<\/a><\/p>\n<\/div>","protected":false},"author":1,"featured_media":0,"parent":0,"menu_order":1,"comment_status":"closed","ping_status":"closed","template":"","meta":{"_acf_changed":false,"_exactmetrics_skip_tracking":false,"_exactmetrics_sitenote_active":false,"_exactmetrics_sitenote_note":"","_exactmetrics_sitenote_category":0,"jetpack_post_was_ever_published":false,"footnotes":""},"class_list":["post-1988","page","type-page","status-publish"],"acf":[],"yoast_head":"<!-- This site is optimized with the Yoast SEO plugin v25.2 - https:\/\/yoast.com\/wordpress\/plugins\/seo\/ -->\n<title>Sobre o EnsinaSUS - Lappis 25 anos<\/title>\n<meta name=\"robots\" content=\"index, follow, max-snippet:-1, max-image-preview:large, max-video-preview:-1\" \/>\n<link rel=\"canonical\" href=\"https:\/\/lappis.org.br\/site\/sobre-o-ensinasus\" \/>\n<meta property=\"og:locale\" content=\"pt_BR\" \/>\n<meta property=\"og:type\" content=\"article\" \/>\n<meta property=\"og:title\" content=\"Sobre o EnsinaSUS - Lappis 25 anos\" \/>\n<meta property=\"og:description\" content=\"Seja bem-vindo\/a \u00e0 se\u00e7\u00e3o EnsinaSUS, um espa\u00e7o online criado para reunir informa\u00e7\u00f5es acerca dos eixos\u00a0ensino,\u00a0pesquisa\u00a0e\u00a0extens\u00e3o\u00a0do Lappis e respectivas atividades desenvolvidas a partir de linha de atua\u00e7\u00e3o hom\u00f4nima e promover uma intera\u00e7\u00e3o entre pesquisadores\/as, professores\/as, estudantes [...]\" \/>\n<meta property=\"og:url\" content=\"https:\/\/lappis.org.br\/site\/sobre-o-ensinasus\" \/>\n<meta property=\"og:site_name\" content=\"Lappis 25 anos\" \/>\n<meta property=\"article:modified_time\" content=\"2017-10-16T15:15:46+00:00\" \/>\n<meta name=\"twitter:card\" content=\"summary_large_image\" \/>\n<meta name=\"twitter:label1\" content=\"Est. tempo de leitura\" \/>\n\t<meta name=\"twitter:data1\" content=\"2 minutos\" \/>\n<script type=\"application\/ld+json\" class=\"yoast-schema-graph\">{\"@context\":\"https:\/\/schema.org\",\"@graph\":[{\"@type\":\"WebPage\",\"@id\":\"https:\/\/lappis.org.br\/site\/sobre-o-ensinasus\",\"url\":\"https:\/\/lappis.org.br\/site\/sobre-o-ensinasus\",\"name\":\"Sobre o EnsinaSUS - Lappis 25 anos\",\"isPartOf\":{\"@id\":\"https:\/\/lappis.org.br\/site\/#website\"},\"datePublished\":\"2013-09-23T22:40:53+00:00\",\"dateModified\":\"2017-10-16T15:15:46+00:00\",\"breadcrumb\":{\"@id\":\"https:\/\/lappis.org.br\/site\/sobre-o-ensinasus#breadcrumb\"},\"inLanguage\":\"pt-BR\",\"potentialAction\":[{\"@type\":\"ReadAction\",\"target\":[\"https:\/\/lappis.org.br\/site\/sobre-o-ensinasus\"]}]},{\"@type\":\"BreadcrumbList\",\"@id\":\"https:\/\/lappis.org.br\/site\/sobre-o-ensinasus#breadcrumb\",\"itemListElement\":[{\"@type\":\"ListItem\",\"position\":1,\"name\":\"In\u00edcio\",\"item\":\"https:\/\/lappis.org.br\/site\/\"},{\"@type\":\"ListItem\",\"position\":2,\"name\":\"Sobre o EnsinaSUS\"}]},{\"@type\":\"WebSite\",\"@id\":\"https:\/\/lappis.org.br\/site\/#website\",\"url\":\"https:\/\/lappis.org.br\/site\/\",\"name\":\"Lappis 25 anos\",\"description\":\"Labotat\u00f3rio de Pesquisas sobre Pr\u00e1ticas de Integralidade em Sa\u00fade\",\"publisher\":{\"@id\":\"https:\/\/lappis.org.br\/site\/#organization\"},\"potentialAction\":[{\"@type\":\"SearchAction\",\"target\":{\"@type\":\"EntryPoint\",\"urlTemplate\":\"https:\/\/lappis.org.br\/site\/?s={search_term_string}\"},\"query-input\":{\"@type\":\"PropertyValueSpecification\",\"valueRequired\":true,\"valueName\":\"search_term_string\"}}],\"inLanguage\":\"pt-BR\"},{\"@type\":\"Organization\",\"@id\":\"https:\/\/lappis.org.br\/site\/#organization\",\"name\":\"Lappis 25 anos\",\"url\":\"https:\/\/lappis.org.br\/site\/\",\"logo\":{\"@type\":\"ImageObject\",\"inLanguage\":\"pt-BR\",\"@id\":\"https:\/\/lappis.org.br\/site\/#\/schema\/logo\/image\/\",\"url\":\"https:\/\/lappis.org.br\/site\/wp-content\/uploads\/2025\/03\/logo-lappis25anos.png\",\"contentUrl\":\"https:\/\/lappis.org.br\/site\/wp-content\/uploads\/2025\/03\/logo-lappis25anos.png\",\"width\":388,\"height\":146,\"caption\":\"Lappis 25 anos\"},\"image\":{\"@id\":\"https:\/\/lappis.org.br\/site\/#\/schema\/logo\/image\/\"}}]}<\/script>\n<!-- \/ Yoast SEO plugin. -->","yoast_head_json":{"title":"Sobre o EnsinaSUS - Lappis 25 anos","robots":{"index":"index","follow":"follow","max-snippet":"max-snippet:-1","max-image-preview":"max-image-preview:large","max-video-preview":"max-video-preview:-1"},"canonical":"https:\/\/lappis.org.br\/site\/sobre-o-ensinasus","og_locale":"pt_BR","og_type":"article","og_title":"Sobre o EnsinaSUS - Lappis 25 anos","og_description":"Seja bem-vindo\/a \u00e0 se\u00e7\u00e3o EnsinaSUS, um espa\u00e7o online criado para reunir informa\u00e7\u00f5es acerca dos eixos\u00a0ensino,\u00a0pesquisa\u00a0e\u00a0extens\u00e3o\u00a0do Lappis e respectivas atividades desenvolvidas a partir de linha de atua\u00e7\u00e3o hom\u00f4nima e promover uma intera\u00e7\u00e3o entre pesquisadores\/as, professores\/as, estudantes [...]","og_url":"https:\/\/lappis.org.br\/site\/sobre-o-ensinasus","og_site_name":"Lappis 25 anos","article_modified_time":"2017-10-16T15:15:46+00:00","twitter_card":"summary_large_image","twitter_misc":{"Est. tempo de leitura":"2 minutos"},"schema":{"@context":"https:\/\/schema.org","@graph":[{"@type":"WebPage","@id":"https:\/\/lappis.org.br\/site\/sobre-o-ensinasus","url":"https:\/\/lappis.org.br\/site\/sobre-o-ensinasus","name":"Sobre o EnsinaSUS - Lappis 25 anos","isPartOf":{"@id":"https:\/\/lappis.org.br\/site\/#website"},"datePublished":"2013-09-23T22:40:53+00:00","dateModified":"2017-10-16T15:15:46+00:00","breadcrumb":{"@id":"https:\/\/lappis.org.br\/site\/sobre-o-ensinasus#breadcrumb"},"inLanguage":"pt-BR","potentialAction":[{"@type":"ReadAction","target":["https:\/\/lappis.org.br\/site\/sobre-o-ensinasus"]}]},{"@type":"BreadcrumbList","@id":"https:\/\/lappis.org.br\/site\/sobre-o-ensinasus#breadcrumb","itemListElement":[{"@type":"ListItem","position":1,"name":"In\u00edcio","item":"https:\/\/lappis.org.br\/site\/"},{"@type":"ListItem","position":2,"name":"Sobre o EnsinaSUS"}]},{"@type":"WebSite","@id":"https:\/\/lappis.org.br\/site\/#website","url":"https:\/\/lappis.org.br\/site\/","name":"Lappis 25 anos","description":"Labotat\u00f3rio de Pesquisas sobre Pr\u00e1ticas de Integralidade em Sa\u00fade","publisher":{"@id":"https:\/\/lappis.org.br\/site\/#organization"},"potentialAction":[{"@type":"SearchAction","target":{"@type":"EntryPoint","urlTemplate":"https:\/\/lappis.org.br\/site\/?s={search_term_string}"},"query-input":{"@type":"PropertyValueSpecification","valueRequired":true,"valueName":"search_term_string"}}],"inLanguage":"pt-BR"},{"@type":"Organization","@id":"https:\/\/lappis.org.br\/site\/#organization","name":"Lappis 25 anos","url":"https:\/\/lappis.org.br\/site\/","logo":{"@type":"ImageObject","inLanguage":"pt-BR","@id":"https:\/\/lappis.org.br\/site\/#\/schema\/logo\/image\/","url":"https:\/\/lappis.org.br\/site\/wp-content\/uploads\/2025\/03\/logo-lappis25anos.png","contentUrl":"https:\/\/lappis.org.br\/site\/wp-content\/uploads\/2025\/03\/logo-lappis25anos.png","width":388,"height":146,"caption":"Lappis 25 anos"},"image":{"@id":"https:\/\/lappis.org.br\/site\/#\/schema\/logo\/image\/"}}]}},"jetpack_shortlink":"https:\/\/wp.me\/P954Nh-w4","jetpack_sharing_enabled":true,"_links":{"self":[{"href":"https:\/\/lappis.org.br\/site\/wp-json\/wp\/v2\/pages\/1988"}],"collection":[{"href":"https:\/\/lappis.org.br\/site\/wp-json\/wp\/v2\/pages"}],"about":[{"href":"https:\/\/lappis.org.br\/site\/wp-json\/wp\/v2\/types\/page"}],"author":[{"embeddable":true,"href":"https:\/\/lappis.org.br\/site\/wp-json\/wp\/v2\/users\/1"}],"replies":[{"embeddable":true,"href":"https:\/\/lappis.org.br\/site\/wp-json\/wp\/v2\/comments?post=1988"}],"version-history":[{"count":3,"href":"https:\/\/lappis.org.br\/site\/wp-json\/wp\/v2\/pages\/1988\/revisions"}],"predecessor-version":[{"id":3572,"href":"https:\/\/lappis.org.br\/site\/wp-json\/wp\/v2\/pages\/1988\/revisions\/3572"}],"wp:attachment":[{"href":"https:\/\/lappis.org.br\/site\/wp-json\/wp\/v2\/media?parent=1988"}],"curies":[{"name":"wp","href":"https:\/\/api.w.org\/{rel}","templated":true}]}}